{"id":397,"date":"2022-09-09T19:13:52","date_gmt":"2022-09-09T19:13:52","guid":{"rendered":"http:\/\/transparencia.cide.edu\/?page_id=397"},"modified":"2022-09-22T17:53:21","modified_gmt":"2022-09-22T17:53:21","slug":"documentos","status":"publish","type":"page","link":"https:\/\/transparencia.cide.edu\/index.php\/documentos\/","title":{"rendered":"Documentos"},"content":{"rendered":"<p>[et_pb_section fb_built=&#8221;1&#8243; admin_label=&#8221;Hero Section&#8221; _builder_version=&#8221;4.18.0&#8243; background_enable_image=&#8221;off&#8221; custom_margin=&#8221;|||&#8221; custom_padding=&#8221;0px|0px|0px|0px||&#8221; global_colors_info=&#8221;{}&#8221;][et_pb_row _builder_version=&#8221;4.18.0&#8243; _module_preset=&#8221;default&#8221; global_colors_info=&#8221;{}&#8221;][et_pb_column type=&#8221;4_4&#8243; _builder_version=&#8221;4.18.0&#8243; _module_preset=&#8221;default&#8221; global_colors_info=&#8221;{}&#8221;][et_pb_menu _builder_version=&#8221;4.18.0&#8243; _module_preset=&#8221;default&#8221; global_colors_info=&#8221;{}&#8221;][\/et_pb_menu][\/et_pb_column][\/et_pb_row][\/et_pb_section][et_pb_section fb_built=&#8221;1&#8243; admin_label=&#8221;Hero Section&#8221; _builder_version=&#8221;4.18.0&#8243; use_background_color_gradient=&#8221;on&#8221; background_color_gradient_direction=&#8221;90deg&#8221; background_color_gradient_stops=&#8221;#163d34 30%|rgba(244,240,233,0) 100%&#8221; background_color_gradient_overlays_image=&#8221;on&#8221; background_color_gradient_start=&#8221;rgba(244,240,233,0.9)&#8221; background_color_gradient_start_position=&#8221;30%&#8221; background_color_gradient_end=&#8221;rgba(244,240,233,0)&#8221; background_image=&#8221;https:\/\/transparencia.cide.edu\/wp-content\/uploads\/2022\/09\/CIB1-scaled-1.jpg&#8221; custom_margin=&#8221;|||&#8221; custom_padding=&#8221;157px|0px|119px|0px||&#8221; global_colors_info=&#8221;{}&#8221;][et_pb_row custom_padding_last_edited=&#8221;off|desktop&#8221; admin_label=&#8221;Hero Area&#8221; _builder_version=&#8221;4.16&#8243; custom_padding=&#8221;27px|0px|0px|0px&#8221; global_colors_info=&#8221;{}&#8221;][et_pb_column type=&#8221;4_4&#8243; _builder_version=&#8221;4.16&#8243; custom_padding=&#8221;|||&#8221; global_colors_info=&#8221;{}&#8221; custom_padding__hover=&#8221;|||&#8221;][et_pb_text admin_label=&#8221;Hero Title&#8221; _builder_version=&#8221;4.18.0&#8243; text_font=&#8221;Playfair Display||||||||&#8221; header_font=&#8221;Alice||||||||&#8221; header_font_size=&#8221;80px&#8221; header_letter_spacing=&#8221;-3px&#8221; header_line_height=&#8221;1.1em&#8221; custom_margin=&#8221;||0px|&#8221; custom_padding=&#8221;|||&#8221; animation_style=&#8221;slide&#8221; animation_direction=&#8221;left&#8221; animation_intensity_slide=&#8221;5%&#8221; animation_starting_opacity=&#8221;100%&#8221; text_font_size_last_edited=&#8221;off|desktop&#8221; header_font_size_tablet=&#8221;&#8221; header_font_size_phone=&#8221;60px&#8221; header_font_size_last_edited=&#8221;on|phone&#8221; inline_fonts=&#8221;Open Sans&#8221; global_colors_info=&#8221;{}&#8221;]<\/p>\n<h1><span style=\"color: #ffffff; font-family: 'Open Sans';\">Documentos<\/span><\/h1>\n<p>[\/et_pb_text][\/et_pb_column][\/et_pb_row][\/et_pb_section][et_pb_section fb_built=&#8221;1&#8243; admin_label=&#8221;Gallery Section&#8221; _builder_version=&#8221;4.16&#8243; custom_margin=&#8221;||-5px|||&#8221; custom_padding=&#8221;0px||90px|&#8221; global_colors_info=&#8221;{}&#8221;][et_pb_row _builder_version=&#8221;4.16&#8243; global_colors_info=&#8221;{}&#8221;][et_pb_column type=&#8221;4_4&#8243; _builder_version=&#8221;4.16&#8243; custom_padding=&#8221;|||&#8221; global_colors_info=&#8221;{}&#8221; custom_padding__hover=&#8221;|||&#8221;][et_pb_tabs _builder_version=&#8221;4.18.0&#8243; _module_preset=&#8221;default&#8221; hover_enabled=&#8221;0&#8243; global_colors_info=&#8221;{}&#8221; sticky_enabled=&#8221;0&#8243;][et_pb_tab title=&#8221;FPAT&#8221; _builder_version=&#8221;4.18.0&#8243; _module_preset=&#8221;default&#8221; hover_enabled=&#8221;0&#8243; sticky_enabled=&#8221;0&#8243;]<\/p>\n<p><a href=\"http:\/\/10.10.1.63\/cide\/wp-content\/uploads\/2022\/07\/ACTA_DE_FALLO.pdf\" target=\"_blank\" rel=\"noopener\"><img loading=\"lazy\" decoding=\"async\" src=\"https:\/\/transparencia.cide.edu\/wp-content\/uploads\/2022\/09\/pdf.png\" width=\"58\" height=\"77\" alt=\"\" class=\"wp-image-249 alignnone size-full\" \/><\/a><\/p>\n<p><a href=\"https:\/\/transparencia.cide.edu\/files\/documentos\/FPAT\/MODIFROPFPAT2022.pdf\" target=\"_blank\" rel=\"noopener\">MODIFROPFPAT2022<\/a><\/p>\n<p>[\/et_pb_tab][et_pb_tab title=&#8221;FCYT&#8221; _builder_version=&#8221;4.18.0&#8243; _module_preset=&#8221;default&#8221; hover_enabled=&#8221;0&#8243; sticky_enabled=&#8221;0&#8243;]<\/p>\n<p><a href=\"http:\/\/10.10.1.63\/cide\/wp-content\/uploads\/2022\/07\/ACTA_DE_FALLO.pdf\" target=\"_blank\" rel=\"noopener\"><img loading=\"lazy\" decoding=\"async\" src=\"https:\/\/transparencia.cide.edu\/wp-content\/uploads\/2022\/09\/pdf.png\" width=\"58\" height=\"77\" alt=\"\" class=\"wp-image-249 alignnone size-full\" \/><\/a><\/p>\n<p>&nbsp;<\/p>\n<p>[\/et_pb_tab][et_pb_tab title=&#8221;Descargables 1&#8243; _builder_version=&#8221;4.18.0&#8243; _module_preset=&#8221;default&#8221; global_colors_info=&#8221;{}&#8221;]<\/p>\n<p><a href=\"http:\/\/10.10.1.63\/cide\/wp-content\/uploads\/2022\/07\/ACTA_DE_FALLO.pdf\" target=\"_blank\" rel=\"noopener\"><img loading=\"lazy\" decoding=\"async\" src=\"https:\/\/transparencia.cide.edu\/wp-content\/uploads\/2022\/09\/pdf.png\" width=\"58\" height=\"77\" alt=\"\" class=\"wp-image-249 alignnone size-full\" \/><\/a><\/p>\n<p><a href=\"https:\/\/transparencia.cide.edu\/files\/documentos\/FPAT\/MODIFROPFPAT2022.pdf\" target=\"_blank\" rel=\"noopener\">MODIFROPFPAT2022<\/a><\/p>\n<p><a href=\"https:\/\/transparencia.cide.edu\/files\/documentos\/1_CARPETA_PRIMERA_SESION_ORDINARIA_FCyT_2019.pdf\" target=\"_blank\" rel=\"noopener\">CARPETA PRIMERA SESION ORDINARIA FCyT 2019<\/a><\/p>\n<p><a href=\"https:\/\/transparencia.cide.edu\/files\/documentos\/1_PRIMERA_SESI%C3%93N_ORDINARIA_FIDEICOMISO_PATRIMONIAL_2018_final.pdf\" target=\"_blank\" rel=\"noopener\">PRIMERA SESI\u00d3N ORDINARIA FIDEICOMISO PATRIMONIAL 2018 final CONVOCATORIA GIMNASIO<\/a><\/p>\n<p><a href=\"https:\/\/transparencia.cide.edu\/files\/documentos\/1-PRIMERA-SESI%C3%93N-ORDINARIA-FIDEICOMISO-PATRIMONIAL-2017.pdf\" target=\"_blank\" rel=\"noopener\">PRIMERA SESI\u00d3N ORDINARIA FIDEICOMISO PATRIMONIAL 2017<\/a><\/p>\n<p><a href=\"https:\/\/transparencia.cide.edu\/files\/documentos\/1-SEGUNDA-ORDINARIA-FIDEICOMISO-PATRIMONIAL-2017.pdf\" target=\"_blank\" rel=\"noopener\">SEGUNDA ORDINARIA FIDEICOMISO-PATRIMONIAL 2017<\/a><\/p>\n<p><a href=\"https:\/\/transparencia.cide.edu\/files\/documentos\/1-SEGUNDA-SESI%C3%93N-ORDINARIA-FP-2018.pdf\" target=\"_blank\" rel=\"noopener\">SEGUNDA SESI\u00d3N ORDINARIA FP 2018<\/a><\/p>\n<p><a href=\"https:\/\/transparencia.cide.edu\/files\/documentos\/2_SEGUNDA_SESION_ORDINARIA_FCyT_2018_FINAL.pdf\" target=\"_blank\" rel=\"noopener\">SEGUNDA SESION ORDINARIA FCyT 2018 FINAL<\/a><\/p>\n<p><a href=\"https:\/\/transparencia.cide.edu\/files\/documentos\/2-PRIMERA-SESI%C3%93N-ORDINARIA-FIDEICOMISO-PATRIMONIAL-2019-FINAL.pdf\" target=\"_blank\" rel=\"noopener\">PRIMERA SESI\u00d3N ORDINARIA FIDEICOMISO PATRIMONIAL 2019 FINAL<\/a><\/p>\n<p><a href=\"https:\/\/transparencia.cide.edu\/files\/documentos\/11_CARPETA_PRIMERA_SESION_ORDINARIA_FCyT_2018_FINAL.pdf\" target=\"_blank\" rel=\"noopener\">CARPETA PRIMERA SESION ORDINARIA FCyT 2018 FINAL<\/a><\/p>\n<p><a href=\"https:\/\/transparencia.cide.edu\/files\/documentos\/11_CARPETA_PRIMERA_SESION_ORDINARIA_FCyT_2018_FINAL.pdf\" target=\"_blank\" rel=\"noopener\">90M.05.RBM.xls<\/a><\/p>\n<p><a href=\"https:\/\/transparencia.cide.edu\/files\/documentos\/11_CARPETA_PRIMERA_SESION_ORDINARIA_FCyT_2018_FINAL.pdf\" target=\"_blank\" rel=\"noopener\">90M-BienesInmuebles.xls<\/a><\/p>\n<p><a href=\"https:\/\/transparencia.cide.edu\/files\/documentos\/ACTA_DE_LA_PRIMERA_EXTRAORDINARIA_2021_FPAT_23_de_junio.pdf\" target=\"_blank\" rel=\"noopener\">ACTA DE LA PRIMERA EXTRAORDINARIA 2021 FPAT 23 de junio<\/a><\/p>\n<p><a href=\"https:\/\/transparencia.cide.edu\/files\/documentos\/ACTA_DE_LA_PRIMERA_SESION_EXTRAORDINARIA_FCyT_2020_14_DE_FEBRERO.pdf\" target=\"_blank\" rel=\"noopener\">ACTA DE LA PRIMERA SESION EXTRAORDINARIA FCyT 2020 14 DE FEBRERO<\/a><\/p>\n<p><a href=\"https:\/\/transparencia.cide.edu\/files\/documentos\/ACTA_DE_LA_PRIMERA_SESION_EXTRORDINARIA_2021_FCYT_10_junio.pdf\" target=\"_blank\" rel=\"noopener\">ACTA DE LA PRIMERA SESION EXTRORDINARIA 2021 FCYT 10 junio<\/a><\/p>\n<p><a href=\"https:\/\/transparencia.cide.edu\/files\/documentos\/ACTA_DE_LA_PRIMERA_SESION_ORDINARIA_2021_FCYT_26_de_marzo_2021.pdf\" target=\"_blank\" rel=\"noopener\">ACTA DE LA PRIMERA SESION ORDINARIA 2021 FCYT 26 de marzo 2021<\/a><\/p>\n<p><a href=\"https:\/\/transparencia.cide.edu\/files\/documentos\/ACTA_DE_LA_PRIMERA_SESION_ORDINARIA_DEL_CT_DEL_FCYT_17383.pdf\" target=\"_blank\" rel=\"noopener\">ACTA DE LA PRIMERA SESION ORDINARIA DEL CT DEL FCYT 17383<\/a><\/p>\n<p><a href=\"https:\/\/transparencia.cide.edu\/files\/documentos\/ACTA_DE_LA_SEGUNDA_SESION_ORDINARIA_2020_FCYT_17383_22_diciembre.pdf\" target=\"_blank\" rel=\"noopener\">ACTA DE LA SEGUNDA SESION ORDINARIA 2020 FCYT 17383 22 diciembre<\/a><\/p>\n<p><a href=\"https:\/\/transparencia.cide.edu\/files\/documentos\/ACTA-DE-LA-PRIMERA-ORDINARIA-FPAT-19may21.pdf\" target=\"_blank\" rel=\"noopener\">ACTA DE LA PRIMERA ORDINARIA FPAT 19may21<\/a><\/p>\n<p><a href=\"https:\/\/transparencia.cide.edu\/files\/documentos\/ACTA-DE-LA-PRIMERA-SO-2020-FPAT-17251-6-AGO.pdf\" target=\"_blank\" rel=\"noopener\">ACTA DE LA PRIMERA SO 2020 FPAT 17251-6 AGO<\/a><\/p>\n<p><a href=\"https:\/\/transparencia.cide.edu\/files\/documentos\/ACTA-DE-LA-SEGUNDA-ORDINARIA-FPAT-25-de-nov-2020.pdf\" target=\"_blank\" rel=\"noopener\">ACTA DE LA SEGUNDA ORDINARIA FPAT 25 de nov 2020<\/a><\/p>\n<p><a href=\"https:\/\/transparencia.cide.edu\/files\/documentos\/ACTA-SEGUNDA-SESI%C3%93N-ORDINARIA-DEL-FIDEICOMISO-PATRIMONIAL-27-OCTUBRE-2021.pdf\" target=\"_blank\" rel=\"noopener\">ACTA SEGUNDA SESI\u00d3N ORDINARIA DEL FIDEICOMISO PATRIMONIAL 27 OCTUBRE 2021<\/a><\/p>\n<p><a href=\"https:\/\/transparencia.cide.edu\/files\/documentos\/Anexo_IRC_CIDE_2012-2018.pdf\" target=\"_blank\" rel=\"noopener\">Anexo IRC CIDE 2012 2018<\/a><\/p>\n<p><a href=\"https:\/\/transparencia.cide.edu\/files\/documentos\/CARPETA_SEGUNDA_ORDINARIA_2019_22OCT_FIN.pdf\" target=\"_blank\" rel=\"noopener\">CARPETA SEGUNDA ORDINARIA 2019 22OCT FIN<\/a><\/p>\n<p><a href=\"https:\/\/transparencia.cide.edu\/files\/documentos\/CARPETA_SEGUNDA_SESION_ORDINARIA_FIDEICOMISO_PATRIMONIAL_2019_1509.pdf\" target=\"_blank\" rel=\"noopener\">CARPETA SEGUNDA SESION ORDINARIA FIDEICOMISO PATRIMONIAL 2019 1509<\/a><\/p>\n<p><a href=\"https:\/\/transparencia.cide.edu\/files\/documentos\/CARPETA-SEGUNDA-SESI%C3%93N-ORDINARIA-FIDEICOMISO-PATRIMONIAL-2016-OK.pdf\" target=\"_blank\" rel=\"noopener\">CARPETA SEGUNDA SESI\u00d3N ORDINARIA FIDEICOMISO PATRIMONIAL 2016 OK<\/a><\/p>\n<p><a href=\"https:\/\/transparencia.cide.edu\/files\/documentos\/COMITE_TECNICO_DEL_FIDEICOMISO.pdf\" target=\"_blank\" rel=\"noopener\">COMITE TECNICO DEL FIDEICOMISO<\/a><\/p>\n<p>[\/et_pb_tab][et_pb_tab title=&#8221;Descargables 2&#8243; _builder_version=&#8221;4.18.0&#8243; _module_preset=&#8221;default&#8221; global_colors_info=&#8221;{}&#8221;]<\/p>\n<p><a href=\"http:\/\/10.10.1.63\/cide\/wp-content\/uploads\/2022\/07\/ACTA_DE_FALLO.pdf\" target=\"_blank\" rel=\"noopener\"><img loading=\"lazy\" decoding=\"async\" src=\"https:\/\/transparencia.cide.edu\/wp-content\/uploads\/2022\/09\/pdf.png\" width=\"58\" height=\"77\" alt=\"\" class=\"wp-image-249 alignnone size-full\" \/><\/a><\/p>\n<p><a href=\"https:\/\/transparencia.cide.edu\/files\/documentos\/ConvenioModifFCYT2005.pdf\" target=\"_blank\" rel=\"noopener\">ConvenioModifFCYT2005<\/a><\/p>\n<p><a href=\"https:\/\/transparencia.cide.edu\/files\/documentos\/D.2.1.pdf\" target=\"_blank\" rel=\"noopener\">D.2.1<\/a><\/p>\n<p><a href=\"https:\/\/transparencia.cide.edu\/files\/documentos\/D.2.1-3er-Trimestre-EDO-ACT.pdf\" target=\"_blank\" rel=\"noopener\">D.2.1 3er Trimestre EDO ACT<\/a><\/p>\n<p><a href=\"https:\/\/transparencia.cide.edu\/files\/documentos\/D.2.1-v1.pdf\" target=\"_blank\" rel=\"noopener\">D.2.1 v1<\/a><\/p>\n<p><a href=\"https:\/\/transparencia.cide.edu\/files\/documentos\/D.2.2.pdf\" target=\"_blank\" rel=\"noopener\">D.2.2<\/a><\/p>\n<p><a href=\"https:\/\/transparencia.cide.edu\/files\/documentos\/D.2.2-3er-Trimestre-EDO-SIT-FIN.pdf\" target=\"_blank\" rel=\"noopener\">D.2.2 3er Trimestre EDO SIT FIN<\/a><\/p>\n<p><a href=\"https:\/\/transparencia.cide.edu\/files\/documentos\/D.2.2-v1.pdf\" target=\"_blank\" rel=\"noopener\">D.2.2 v1<\/a><\/p>\n<p><a href=\"https:\/\/transparencia.cide.edu\/files\/documentos\/D.2.3.pdf\" target=\"_blank\" rel=\"noopener\">D.2.3<\/a><\/p>\n<p><a href=\"https:\/\/transparencia.cide.edu\/files\/documentos\/D.2.3-3er-Trimestre-EDO-VAR-PAT.pdf\" target=\"_blank\" rel=\"noopener\">D.2.3 3er Trimestre EDO VAR PAT<\/a><\/p>\n<p><a href=\"https:\/\/transparencia.cide.edu\/files\/documentos\/D.2.3-v1.pdf\" target=\"_blank\" rel=\"noopener\">D.2.3 v1<\/a><\/p>\n<p><a href=\"https:\/\/transparencia.cide.edu\/files\/documentos\/D.2.4.pdf\" target=\"_blank\" rel=\"noopener\"> D.2.4<\/a><\/p>\n<p><a href=\"https:\/\/transparencia.cide.edu\/files\/documentos\/D.2.4-3er-Trimestre-EDO-CAM-SIT-FIN.pdf\" target=\"_blank\" rel=\"noopener\">D.2.4 3er Trimestre- EDO CAM SIT FIN<\/a><\/p>\n<p><a href=\"https:\/\/transparencia.cide.edu\/files\/documentos\/D.2.4-v1.pdf\" target=\"_blank\" rel=\"noopener\">D.2.4 v1<\/a><\/p>\n<p><a href=\"https:\/\/transparencia.cide.edu\/files\/documentos\/D.2.5.pdf\" target=\"_blank\" rel=\"noopener\">D.2.5<\/a><\/p>\n<p><a href=\"https:\/\/transparencia.cide.edu\/files\/documentos\/D.2.5-3er-Trimestre-EDO-FLUJOS.pdf\" target=\"_blank\" rel=\"noopener\">D.2.5-3er Trimestre EDO FLUJOS<\/a><\/p>\n<p><a href=\"https:\/\/transparencia.cide.edu\/files\/documentos\/D.2.5-v1.pdf\" target=\"_blank\" rel=\"noopener\">D.2.5-v1<\/a><\/p>\n<p><a href=\"https:\/\/transparencia.cide.edu\/files\/documentos\/D.2.6.pdf\" target=\"_blank\" rel=\"noopener\">D.2.6<\/a><\/p>\n<p><a href=\"https:\/\/transparencia.cide.edu\/files\/documentos\/D.2.7.pdf\" target=\"_blank\" rel=\"noopener\">D.2.7<\/a><\/p>\n<p><a href=\"https:\/\/transparencia.cide.edu\/files\/documentos\/D.2.7-NEF-3er-Trimestre-2020.pdf\" target=\"_blank\" rel=\"noopener\">D.2.7-NEF 3er Trimestre 2020<\/a><\/p>\n<p><a href=\"https:\/\/transparencia.cide.edu\/files\/documentos\/D.2.8.pdf\" target=\"_blank\" rel=\"noopener\">D.2.8<\/a><\/p>\n<p><a href=\"https:\/\/transparencia.cide.edu\/files\/documentos\/D.2.8-3er-Trimestre-EDO-ANALIT-DE-ACTIVO.pdf\" target=\"_blank\" rel=\"noopener\">D.2.8 3er Trimestre EDO ANALIT DE ACTIVO<\/a><\/p>\n<p><a href=\"https:\/\/transparencia.cide.edu\/files\/documentos\/D.2.8-v1.pdf\" target=\"_blank\" rel=\"noopener\"> D.2.8-v1<\/a><\/p>\n<p><a href=\"https:\/\/transparencia.cide.edu\/files\/documentos\/D.2.9.pdf\" target=\"_blank\" rel=\"noopener\">D.2.9<\/a><\/p>\n<p><a href=\"https:\/\/transparencia.cide.edu\/files\/documentos\/D.2.9-3er-Trimestre-EDO-ANUAL-DEUDA.pdf\" target=\"_blank\" rel=\"noopener\">D.2.9 3er Trimestre EDO ANUAL DEUDA<\/a><\/p>\n<p><a href=\"https:\/\/transparencia.cide.edu\/files\/documentos\/D.2.9-V1.pdf\" target=\"_blank\" rel=\"noopener\">D.2.9-V1<\/a><\/p>\n<p>[\/et_pb_tab][et_pb_tab title=&#8221;Descargables 3&#8243; _builder_version=&#8221;4.18.0&#8243; _module_preset=&#8221;default&#8221; global_colors_info=&#8221;{}&#8221;]<\/p>\n<p><a href=\"http:\/\/10.10.1.63\/cide\/wp-content\/uploads\/2022\/07\/ACTA_DE_FALLO.pdf\" target=\"_blank\" rel=\"noopener\"><img loading=\"lazy\" decoding=\"async\" src=\"https:\/\/transparencia.cide.edu\/wp-content\/uploads\/2022\/09\/pdf.png\" width=\"58\" height=\"77\" alt=\"\" class=\"wp-image-249 alignnone size-full\" \/><\/a><\/p>\n<p><a href=\"https:\/\/transparencia.cide.edu\/files\/documentos\/D.5.4.pdf\" target=\"_blank\" rel=\"noopener\">D.5.4<\/a><\/p>\n<p><a href=\"https:\/\/transparencia.cide.edu\/files\/documentos\/D.6.1.pdf\" target=\"_blank\" rel=\"noopener\">D.6.1<\/a><\/p>\n<p><a href=\"https:\/\/transparencia.cide.edu\/files\/documentos\/D21_4toTRIM2019.pdf\" target=\"_blank\" rel=\"noopener\">D21 4toTRIM2019<\/a><\/p>\n<p><a href=\"https:\/\/transparencia.cide.edu\/files\/documentos\/D21v1.pdf\" target=\"_blank\" rel=\"noopener\">D21v1<\/a><\/p>\n<p><a href=\"https:\/\/transparencia.cide.edu\/files\/documentos\/D22_4toTRIM2019.pdf\" target=\"_blank\" rel=\"noopener\">D22 4toTRIM2019<\/a><\/p>\n<p><a href=\"https:\/\/transparencia.cide.edu\/files\/documentos\/D22v1.pdf\" target=\"_blank\" rel=\"noopener\">D22v1<\/a><\/p>\n<p><a href=\"https:\/\/transparencia.cide.edu\/files\/documentos\/D23_4toTRIM2019.pdf\" target=\"_blank\" rel=\"noopener\">D23 4toTRIM2019<\/a><\/p>\n<p><a href=\"https:\/\/transparencia.cide.edu\/files\/documentos\/D23v1.pdf\" target=\"_blank\" rel=\"noopener\">D23v1<\/a><\/p>\n<p><a href=\"https:\/\/transparencia.cide.edu\/files\/documentos\/D24_4toTRIM2019.pdf\" target=\"_blank\" rel=\"noopener\">D24 4toTRIM2019<\/a><\/p>\n<p><a href=\"https:\/\/transparencia.cide.edu\/files\/documentos\/D24v1.pdf\" target=\"_blank\" rel=\"noopener\">D24v1<\/a><\/p>\n<p><a href=\"https:\/\/transparencia.cide.edu\/files\/documentos\/D25_4toTRIM2019.pdf\" target=\"_blank\" rel=\"noopener\">D25 4toTRIM2019<\/a><\/p>\n<p><a href=\"https:\/\/transparencia.cide.edu\/files\/documentos\/D25v1.pdf\" target=\"_blank\" rel=\"noopener\">D25v1<\/a><\/p>\n<p><a href=\"https:\/\/transparencia.cide.edu\/files\/documentos\/D26_4toTRIM2019.pdf\" target=\"_blank\" rel=\"noopener\">D26 4toTRIM2019<\/a><\/p>\n<p><a href=\"https:\/\/transparencia.cide.edu\/files\/documentos\/D27_4toTRIM2019.pdf\" target=\"_blank\" rel=\"noopener\">D27 4toTRIM2019<\/a><\/p>\n<p><a href=\"https:\/\/transparencia.cide.edu\/files\/documentos\/D27v1.pdf\" target=\"_blank\" rel=\"noopener\">D27v1<\/a><\/p>\n<p><a href=\"https:\/\/transparencia.cide.edu\/files\/documentos\/D28_4toTRIM2019.pdf\" target=\"_blank\" rel=\"noopener\">D28 4toTRIM2019<\/a><\/p>\n<p><a href=\"https:\/\/transparencia.cide.edu\/files\/documentos\/D28v1.pdf\" target=\"_blank\" rel=\"noopener\">D28v1<\/a><\/p>\n<p><a href=\"https:\/\/transparencia.cide.edu\/files\/documentos\/D29_4toTRIM2019.pdf\" target=\"_blank\" rel=\"noopener\">D29 4toTRIM2019<\/a><\/p>\n<p><a href=\"https:\/\/transparencia.cide.edu\/files\/documentos\/D29V1.pdf\" target=\"_blank\" rel=\"noopener\">D29V1<\/a><\/p>\n<p><a href=\"https:\/\/transparencia.cide.edu\/files\/documentos\/D29V12.pdf\" target=\"_blank\" rel=\"noopener\">D29V12<\/a><\/p>\n<p><a href=\"https:\/\/transparencia.cide.edu\/files\/documentos\/D31.pdf\" target=\"_blank\" rel=\"noopener\">D31<\/a><\/p>\n<p><a href=\"https:\/\/transparencia.cide.edu\/files\/documentos\/D31_4toTRIM2019.pdf\" target=\"_blank\" rel=\"noopener\">D31 4toTRIM2019<\/a><\/p>\n<p><a href=\"https:\/\/transparencia.cide.edu\/files\/documentos\/D31v2.pdf\" target=\"_blank\" rel=\"noopener\">D31v2<\/a><\/p>\n<p><a href=\"https:\/\/transparencia.cide.edu\/files\/documentos\/D32.pdf\" target=\"_blank\" rel=\"noopener\">D32<\/a><\/p>\n<p><a href=\"https:\/\/transparencia.cide.edu\/files\/documentos\/D32_4toTRIM2019.pdf\" target=\"_blank\" rel=\"noopener\">D32 4toTRIM2019<\/a><\/p>\n<p>[\/et_pb_tab][et_pb_tab title=&#8221;Descargables 4&#8243; _builder_version=&#8221;4.18.0&#8243; _module_preset=&#8221;default&#8221; global_colors_info=&#8221;{}&#8221;]<\/p>\n<p><a href=\"http:\/\/10.10.1.63\/cide\/wp-content\/uploads\/2022\/07\/ACTA_DE_FALLO.pdf\" target=\"_blank\" rel=\"noopener\"><img loading=\"lazy\" decoding=\"async\" src=\"https:\/\/transparencia.cide.edu\/wp-content\/uploads\/2022\/09\/pdf.png\" width=\"58\" height=\"77\" alt=\"\" class=\"wp-image-249 alignnone size-full\" \/><\/a><\/p>\n<p><a href=\"https:\/\/transparencia.cide.edu\/files\/documentos\/D32v2.pdf\" target=\"_blank\" rel=\"noopener\">D32v2<\/a><\/p>\n<p><a href=\"https:\/\/transparencia.cide.edu\/files\/documentos\/D33.pdf\" target=\"_blank\" rel=\"noopener\">D33<\/a><\/p>\n<p><a href=\"https:\/\/transparencia.cide.edu\/files\/documentos\/D33_4toTRIM2019.pdf\" target=\"_blank\" rel=\"noopener\">D33 4toTRIM2019<\/a><\/p>\n<p><a href=\"https:\/\/transparencia.cide.edu\/files\/documentos\/D33v2.pdf\" target=\"_blank\" rel=\"noopener\">D33v2<\/a><\/p>\n<p><a href=\"https:\/\/transparencia.cide.edu\/files\/documentos\/D34.pdf\" target=\"_blank\" rel=\"noopener\"> D34<\/a><\/p>\n<p><a href=\"https:\/\/transparencia.cide.edu\/files\/documentos\/D34_4toTRIM2019.pdf\" target=\"_blank\" rel=\"noopener\">D34 4toTRIM2019<\/a><\/p>\n<p><a href=\"https:\/\/transparencia.cide.edu\/files\/documentos\/D34v2.pdf\" target=\"_blank\" rel=\"noopener\">D34v2<\/a><\/p>\n<p><a href=\"https:\/\/transparencia.cide.edu\/files\/documentos\/D35.pdf\" target=\"_blank\" rel=\"noopener\">D35<\/a><\/p>\n<p><a href=\"https:\/\/transparencia.cide.edu\/files\/documentos\/D35_4toTRIM2019.pdf\" target=\"_blank\" rel=\"noopener\">D35 4toTRIM2019<\/a><\/p>\n<p><a href=\"https:\/\/transparencia.cide.edu\/files\/documentos\/D35v2.pdf\" target=\"_blank\" rel=\"noopener\">D35v2<\/a><\/p>\n<p><a href=\"https:\/\/transparencia.cide.edu\/files\/documentos\/D41_4toTRIM2019.pdf\" target=\"_blank\" rel=\"noopener\">D41 4toTRIM2019<\/a><\/p>\n<p><a href=\"https:\/\/transparencia.cide.edu\/files\/documentos\/Inf_Rend_Ctas_CIDE_2012-2018.pdf\" target=\"_blank\" rel=\"noopener\">Inf Rend Ctas CIDE 2012-2018<\/a><\/p>\n<p><a href=\"https:\/\/transparencia.cide.edu\/files\/documentos\/NA-2.pdf\" target=\"_blank\" rel=\"noopener\">NA-2<\/a><\/p>\n<p><a href=\"https:\/\/transparencia.cide.edu\/files\/documentos\/PAAASOP2021.pdf\" target=\"_blank\" rel=\"noopener\">PAAASOP2021<\/a><\/p>\n<p><a href=\"https:\/\/transparencia.cide.edu\/files\/documentos\/PRIMERA_SESION_EXTRAORDINARIA_FCyT_2017.pdf\" target=\"_blank\" rel=\"noopener\">PRIMERA SESION EXTRAORDINARIA FCyT 2017<\/a><\/p>\n<p><a href=\"https:\/\/transparencia.cide.edu\/files\/documentos\/PRIMERA_SESION_ORDINARIA_FCYT_2016.pdf\" target=\"_blank\" rel=\"noopener\">PRIMERA SESION ORDINARIA FCYT 2016<\/a><\/p>\n<p><a href=\"https:\/\/transparencia.cide.edu\/files\/documentos\/PRIMERA_SESION_ORDINARIA_FCyT_2017.pdf\" target=\"_blank\" rel=\"noopener\">PRIMERA SESION ORDINARIA FCyT 2017<\/a><\/p>\n<p><a href=\"https:\/\/transparencia.cide.edu\/files\/documentos\/PRIMERA-SESI%C3%93N-ORDINARIA-FIDEICOMISO-PATRIMONIAL-2016.pdf\" target=\"_blank\" rel=\"noopener\">PRIMERA SESI\u00d3N ORDINARIA FIDEICOMISO PATRIMONIAL 2016<\/a><\/p>\n<p><a href=\"https:\/\/transparencia.cide.edu\/files\/documentos\/PROGRAMA_ANUAL_ADQUISICIONES_2020.pdf\" target=\"_blank\" rel=\"noopener\">PROGRAMA ANUAL ADQUISICIONES 2020<\/a><\/p>\n<p><a href=\"https:\/\/transparencia.cide.edu\/files\/documentos\/PROGRAMA_ANUAL_ADQUISICIONES_ARRENDAMIENTOS_SERVICIOS_2019.pdf\" target=\"_blank\" rel=\"noopener\">PROGRAMA ANUAL ADQUISICIONES ARRENDAMIENTOS SERVICIOS 2019<\/a><\/p>\n<p><a href=\"https:\/\/transparencia.cide.edu\/files\/documentos\/PROGRAMA_ANUAL_DISPOSICION_FINAL_BIENES_MUEBLES_2019.pdf\" target=\"_blank\" rel=\"noopener\">PROGRAMA ANUAL DISPOSICION FINAL BIENES MUEBLES 2019<\/a><\/p>\n<p><a href=\"https:\/\/transparencia.cide.edu\/files\/documentos\/PROGRAMA_ANUAL_DISPOSICION_FINAL_BIENES_MUEBLES_2020.pdf\" target=\"_blank\" rel=\"noopener\">PROGRAMA ANUAL DISPOSICION FINAL BIENES MUEBLES 2020<\/a><\/p>\n<p><a href=\"https:\/\/transparencia.cide.edu\/files\/documentos\/PROGRAMA_ANUAL_DISPOSICION_FINAL_BIENES_MUEBLES_2021.pdf\" target=\"_blank\" rel=\"noopener\">PROGRAMA ANUAL DISPOSICION FINAL BIENES MUEBLES 2021<\/a><\/p>\n<p><a href=\"https:\/\/transparencia.cide.edu\/files\/documentos\/Programa_anual_modificado_2020.pdf\" target=\"_blank\" rel=\"noopener\">Programa anual modificado 2020<\/a><\/p>\n<p><a href=\"https:\/\/transparencia.cide.edu\/files\/documentos\/PROX.pdf\" target=\"_blank\" rel=\"noopener\">PROX<\/a><\/p>\n<p><a href=\"https:\/\/transparencia.cide.edu\/files\/documentos\/SEGUNDA_SESION_ORDINARIA_FCyT_2016.pdf\" target=\"_blank\" rel=\"noopener\">SEGUNDA SESION ORDINARIA FCyT 2016<\/a><\/p>\n<p>[\/et_pb_tab][\/et_pb_tabs][\/et_pb_column][\/et_pb_row][\/et_pb_section]<\/p>\n","protected":false},"excerpt":{"rendered":"<p>Documentos MODIFROPFPAT2022 &nbsp; MODIFROPFPAT2022 CARPETA PRIMERA SESION ORDINARIA FCyT 2019 PRIMERA SESI\u00d3N ORDINARIA FIDEICOMISO PATRIMONIAL 2018 final CONVOCATORIA GIMNASIO PRIMERA SESI\u00d3N ORDINARIA FIDEICOMISO PATRIMONIAL 2017 SEGUNDA ORDINARIA FIDEICOMISO-PATRIMONIAL 2017 SEGUNDA SESI\u00d3N ORDINARIA FP 2018 SEGUNDA SESION ORDINARIA FCyT 2018 FINAL PRIMERA SESI\u00d3N ORDINARIA FIDEICOMISO PATRIMONIAL 2019 FINAL CARPETA PRIMERA SESION ORDINARIA FCyT 2018 FINAL 90M.05.RBM.xls [&hellip;]<\/p>\n","protected":false},"author":1,"featured_media":0,"parent":0,"menu_order":0,"comment_status":"closed","ping_status":"closed","template":"","meta":{"_et_pb_use_builder":"on","_et_pb_old_content":"","_et_gb_content_width":"","footnotes":""},"class_list":["post-397","page","type-page","status-publish","hentry"],"_links":{"self":[{"href":"https:\/\/transparencia.cide.edu\/index.php\/wp-json\/wp\/v2\/pages\/397","targetHints":{"allow":["GET"]}}],"collection":[{"href":"https:\/\/transparencia.cide.edu\/index.php\/wp-json\/wp\/v2\/pages"}],"about":[{"href":"https:\/\/transparencia.cide.edu\/index.php\/wp-json\/wp\/v2\/types\/page"}],"author":[{"embeddable":true,"href":"https:\/\/transparencia.cide.edu\/index.php\/wp-json\/wp\/v2\/users\/1"}],"replies":[{"embeddable":true,"href":"https:\/\/transparencia.cide.edu\/index.php\/wp-json\/wp\/v2\/comments?post=397"}],"version-history":[{"count":16,"href":"https:\/\/transparencia.cide.edu\/index.php\/wp-json\/wp\/v2\/pages\/397\/revisions"}],"predecessor-version":[{"id":480,"href":"https:\/\/transparencia.cide.edu\/index.php\/wp-json\/wp\/v2\/pages\/397\/revisions\/480"}],"wp:attachment":[{"href":"https:\/\/transparencia.cide.edu\/index.php\/wp-json\/wp\/v2\/media?parent=397"}],"curies":[{"name":"wp","href":"https:\/\/api.w.org\/{rel}","templated":true}]}}