{"id":569,"date":"2022-10-03T17:17:55","date_gmt":"2022-10-03T17:17:55","guid":{"rendered":"http:\/\/transparencia.cide.edu\/?page_id=569"},"modified":"2024-08-15T01:52:07","modified_gmt":"2024-08-15T01:52:07","slug":"unidad-de-transparencias-y-atribuciones","status":"publish","type":"page","link":"https:\/\/transparencia.cide.edu\/index.php\/unidad-de-transparencias-y-atribuciones\/","title":{"rendered":"UNIDAD DE TRANSPARENCIAS Y ATRIBUCIONES"},"content":{"rendered":"<p>[et_pb_section fb_built=&#8221;1&#8243; admin_label=&#8221;Hero Section&#8221; _builder_version=&#8221;4.18.0&#8243; background_enable_image=&#8221;off&#8221; custom_margin=&#8221;|||&#8221; custom_padding=&#8221;0%|0px|0%|0px||&#8221; global_colors_info=&#8221;{}&#8221;][et_pb_row _builder_version=&#8221;4.18.0&#8243; _module_preset=&#8221;default&#8221; width=&#8221;82.7%&#8221; custom_margin=&#8221;|78px||268px||&#8221; custom_padding=&#8221;30px|||0px||&#8221; global_colors_info=&#8221;{}&#8221;][et_pb_column type=&#8221;4_4&#8243; _builder_version=&#8221;4.18.0&#8243; _module_preset=&#8221;default&#8221; global_colors_info=&#8221;{}&#8221;][et_pb_menu _builder_version=&#8221;4.18.0&#8243; _module_preset=&#8221;default&#8221; custom_margin=&#8221;|||-69px||&#8221; custom_padding=&#8221;|0px||||&#8221; global_colors_info=&#8221;{}&#8221;][\/et_pb_menu][\/et_pb_column][\/et_pb_row][\/et_pb_section][et_pb_section fb_built=&#8221;1&#8243; admin_label=&#8221;Hero Section&#8221; _builder_version=&#8221;4.18.0&#8243; use_background_color_gradient=&#8221;on&#8221; background_color_gradient_direction=&#8221;90deg&#8221; background_color_gradient_stops=&#8221;#163d34 29%|rgba(244,240,233,0) 100%&#8221; background_color_gradient_overlays_image=&#8221;on&#8221; background_color_gradient_start=&#8221;#f4f0e9&#8243; background_color_gradient_start_position=&#8221;30%&#8221; background_color_gradient_end=&#8221;rgba(244,240,233,0)&#8221; background_image=&#8221;https:\/\/transparencia.cide.edu\/wp-content\/uploads\/2022\/09\/CIB-8-scaled-1.jpg&#8221; custom_margin=&#8221;|||&#8221; custom_padding=&#8221;0%|0px|14%|0px||&#8221; global_colors_info=&#8221;{}&#8221;][et_pb_row custom_padding_last_edited=&#8221;off|desktop&#8221; admin_label=&#8221;Hero Area&#8221; _builder_version=&#8221;4.17.5&#8243; custom_padding=&#8221;27px|0px|0px|0px&#8221; global_colors_info=&#8221;{}&#8221;][et_pb_column type=&#8221;4_4&#8243; _builder_version=&#8221;4.17.5&#8243; custom_padding=&#8221;|||&#8221; global_colors_info=&#8221;{}&#8221; custom_padding__hover=&#8221;|||&#8221;][\/et_pb_column][\/et_pb_row][\/et_pb_section][et_pb_section fb_built=&#8221;1&#8243; admin_label=&#8221;Our Specialties Section&#8221; _builder_version=&#8221;4.16&#8243; custom_padding=&#8221;1px||4px|||&#8221; global_colors_info=&#8221;{}&#8221;][et_pb_row admin_label=&#8221;Title Area&#8221; _builder_version=&#8221;4.16&#8243; global_colors_info=&#8221;{}&#8221;][et_pb_column type=&#8221;4_4&#8243; _builder_version=&#8221;4.16&#8243; custom_padding=&#8221;|||&#8221; global_colors_info=&#8221;{}&#8221; custom_padding__hover=&#8221;|||&#8221;][et_pb_text admin_label=&#8221;Title&#8221; _builder_version=&#8221;4.17.6&#8243; text_font=&#8221;||||||||&#8221; header_font=&#8221;||||||||&#8221; header_2_font=&#8221;Alice||||||||&#8221; header_2_text_align=&#8221;center&#8221; header_2_font_size=&#8221;42px&#8221; header_2_line_height=&#8221;1.3em&#8221; custom_margin=&#8221;||20px|&#8221; animation_style=&#8221;slide&#8221; animation_direction=&#8221;top&#8221; animation_intensity_slide=&#8221;30%&#8221; animation_starting_opacity=&#8221;100%&#8221; global_colors_info=&#8221;{}&#8221;]<\/p>\n<h1 class=\"bottom-buffer\">Unidad de Transparencia y Atribuciones<\/h1>\n<p>[\/et_pb_text][et_pb_divider color=&#8221;#2a2a2a&#8221; divider_weight=&#8221;3px&#8221; _builder_version=&#8221;4.16&#8243; max_width=&#8221;50px&#8221; module_alignment=&#8221;center&#8221; custom_margin=&#8221;||10px|&#8221; animation_style=&#8221;slide&#8221; animation_direction=&#8221;top&#8221; animation_intensity_slide=&#8221;30%&#8221; animation_starting_opacity=&#8221;100%&#8221; global_colors_info=&#8221;{}&#8221;][\/et_pb_divider][\/et_pb_column][\/et_pb_row][et_pb_row column_structure=&#8221;1_2,1_2&#8243; admin_label=&#8221;Our Specialties&#8221; _builder_version=&#8221;4.22.1&#8243; custom_margin=&#8221;40px|||&#8221; hover_enabled=&#8221;0&#8243; global_colors_info=&#8221;{}&#8221; sticky_enabled=&#8221;0&#8243;][et_pb_column type=&#8221;1_2&#8243; _builder_version=&#8221;4.16&#8243; custom_padding=&#8221;|||&#8221; global_colors_info=&#8221;{}&#8221; custom_padding__hover=&#8221;|||&#8221;][et_pb_accordion _builder_version=&#8221;4.22.1&#8243; _module_preset=&#8221;default&#8221; hover_enabled=&#8221;0&#8243; global_colors_info=&#8221;{}&#8221; sticky_enabled=&#8221;0&#8243;][et_pb_accordion_item title=&#8221;UNIDAD DE TRANSPARENCIA Y ATRIBUCIONES&#8221; open=&#8221;on&#8221; _builder_version=&#8221;4.22.1&#8243; _module_preset=&#8221;default&#8221; hover_enabled=&#8221;0&#8243; global_colors_info=&#8221;{}&#8221; sticky_enabled=&#8221;0&#8243;]<\/p>\n<p style=\"text-align: justify;\">La Unidad de Transparencia es el \u00e1rea administrativa que coordina el cumplimiento de las obligaciones de transparencia, que gestiona las solicitudes de acceso a la informaci\u00f3n p\u00fablica y de datos personales entre la persona solicitante y las dem\u00e1s \u00e1reas administrativas y acad\u00e9micas, as\u00ed como la Unidad que coordina lo relacionado con la protecci\u00f3n de datos personales.<\/p>\n<p style=\"text-align: justify;\">La Unidad de Transparencia es el punto de contacto con el INAI, la SFP, entre otros sujetos obligados en lo relacionado con las materias anteriormente descritas.<\/p>\n<p style=\"text-align: justify;\"><strong>Fundamento legal<\/strong>: Art. 45 de la Ley General de Transparencia y Acceso a la Informaci\u00f3n P\u00fablica; Arts. 61 y 134 de la Ley Federal de Transparencia y Acceso a la Informaci\u00f3n P\u00fablica; y Art. 85 de la Ley General de Protecci\u00f3n de Datos Personales en Posesi\u00f3n de Sujetos Obligados, y Manual de Organizaci\u00f3n del Centro de Investigaci\u00f3n y Docencia Econ\u00f3micas, A.C.<\/p>\n<p class=\"Default\" style=\"margin-bottom: 12.0pt; text-align: justify;\">Titular de la Unidad de Transparencia: <o:p><\/o:p><\/p>\n<p class=\"Default\" style=\"margin-bottom: 12.0pt; text-align: justify;\">Lic. Jos\u00e9 Antonio Trejo Hern\u00e1ndez <o:p><\/o:p><\/p>\n<p class=\"Default\" style=\"margin-bottom: 12.0pt; text-align: justify;\">Correo electr\u00f3nico: <a href=\"mailto:antonio.trejo@cide.edu\">antonio.trejo@cide.edu<\/a><o:p><\/o:p><\/p>\n<p class=\"Default\" style=\"margin-bottom: 12.0pt; text-align: justify;\">Tel. (+52) 55-5727-9800, ext. 2451 <o:p><\/o:p><\/p>\n<p class=\"Default\" style=\"margin-bottom: 12.0pt; text-align: justify;\">Domicilio: CIDE, sede central. Carretera M\u00e9xico-Toluca No. 3655, <o:p><\/o:p><\/p>\n<p class=\"Default\" style=\"margin-bottom: 12.0pt; text-align: justify;\">Apartado Postal 10-883 Col. Lomas de Santa Fe, Alcald\u00eda \u00c1lvaro Obreg\u00f3n, C.P. 01210<o:p><\/o:p><\/p>\n<p>[\/et_pb_accordion_item][et_pb_accordion_item title=&#8221;DATOS DE CONTACTO DE LA UNIDAD DE TRANSPARENCIA&#8221; _builder_version=&#8221;4.18.1&#8243; _module_preset=&#8221;default&#8221; global_colors_info=&#8221;{}&#8221; open=&#8221;off&#8221;]<\/p>\n<p><strong>Correo electr\u00f3nico:<\/strong>\u00a0<a href=\"mailto:unidad.enlace@cide.edu\">unidad.enlace@cide.edu<\/a>\u00a0<\/p>\n<p><strong>V\u00eda telef\u00f3nica:<\/strong> (+52) 55-5727-9800, ext. 2451 y 2402<\/p>\n<p><strong>Domicilio: <\/strong>CIDE, sede central. Carretera M\u00e9xico-Toluca No. 3655, Apartado Postal 10-883 Col. Lomas de Santa Fe, Delegaci\u00f3n \u00c1lvaro Obreg\u00f3n, C.P. 01210<\/p>\n<p><strong>Horario de atenci\u00f3n:<\/strong> 08:00 a 16:00 hrs.<\/p>\n<p>[\/et_pb_accordion_item][\/et_pb_accordion][\/et_pb_column][et_pb_column type=&#8221;1_2&#8243; _builder_version=&#8221;4.16&#8243; custom_padding=&#8221;|||&#8221; global_colors_info=&#8221;{}&#8221; custom_padding__hover=&#8221;|||&#8221;][et_pb_image src=&#8221;https:\/\/transparencia.cide.edu\/wp-content\/uploads\/2022\/09\/ALAMEDA-1.jpg&#8221; title_text=&#8221;ALAMEDA (1)&#8221; url=&#8221;https:\/\/transparencia.cide.edu\/index.php\/datos-abierto\/&#8221; url_new_window=&#8221;on&#8221; force_fullwidth=&#8221;on&#8221; align_tablet=&#8221;center&#8221; align_phone=&#8221;&#8221; align_last_edited=&#8221;on|desktop&#8221; _builder_version=&#8221;4.18.0&#8243; animation_style=&#8221;zoom&#8221; animation_direction=&#8221;top&#8221; animation_intensity_zoom=&#8221;10%&#8221; animation_starting_opacity=&#8221;100%&#8221; global_colors_info=&#8221;{}&#8221;][\/et_pb_image][et_pb_text _builder_version=&#8221;4.18.0&#8243; text_font=&#8221;||||||||&#8221; text_font_size=&#8221;16px&#8221; text_line_height=&#8221;1.8em&#8221; header_font=&#8221;||||||||&#8221; header_3_font=&#8221;|600|||||||&#8221; header_3_line_height=&#8221;1.5em&#8221; custom_margin=&#8221;40px||10px|&#8221; custom_padding=&#8221;|||&#8221; animation_style=&#8221;flip&#8221; animation_starting_opacity=&#8221;100%&#8221; global_colors_info=&#8221;{}&#8221;]<\/p>\n<h2 class=\"to-animate fadeInUp animated text-center\">CIDE<\/h2>\n<p>[\/et_pb_text][\/et_pb_column][\/et_pb_row][\/et_pb_section][et_pb_section fb_built=&#8221;1&#8243; admin_label=&#8221;Special Offer Section&#8221; _builder_version=&#8221;4.18.0&#8243; background_color=&#8221;#e7efef&#8221; use_background_color_gradient=&#8221;on&#8221; background_color_gradient_direction=&#8221;90deg&#8221; background_color_gradient_stops=&#8221;rgba(235,235,235,0) 0%|#ebebeb 70%&#8221; background_color_gradient_overlays_image=&#8221;on&#8221; background_color_gradient_start=&#8221;rgba(235,235,235,0)&#8221; background_color_gradient_end=&#8221;#ebebeb&#8221; background_color_gradient_end_position=&#8221;70%&#8221; background_image=&#8221;https:\/\/transparencia.cide.edu\/wp-content\/uploads\/2022\/09\/EDIF-y-AULAS-CUAJIMALPA-3-scaled-1.jpg&#8221; custom_padding=&#8221;0%|0px|10%|0px||&#8221; global_colors_info=&#8221;{}&#8221;][et_pb_row column_structure=&#8221;2_3,1_3&#8243; admin_label=&#8221;Row&#8221; _builder_version=&#8221;4.16&#8243; global_colors_info=&#8221;{}&#8221;][et_pb_column type=&#8221;2_3&#8243; _builder_version=&#8221;4.16&#8243; custom_padding=&#8221;|||&#8221; global_colors_info=&#8221;{}&#8221; custom_padding__hover=&#8221;|||&#8221;][\/et_pb_column][et_pb_column type=&#8221;1_3&#8243; _builder_version=&#8221;4.16&#8243; custom_padding=&#8221;|||&#8221; global_colors_info=&#8221;{}&#8221; custom_padding__hover=&#8221;|||&#8221;][et_pb_text _builder_version=&#8221;4.17.6&#8243; text_font=&#8221;|700|||||||&#8221; text_font_size=&#8221;16px&#8221; text_line_height=&#8221;1.8em&#8221; header_font=&#8221;||||||||&#8221; custom_margin=&#8221;||0px|&#8221; custom_padding=&#8221;|||&#8221; animation_style=&#8221;fold&#8221; animation_direction=&#8221;bottom&#8221; animation_starting_opacity=&#8221;100%&#8221; global_colors_info=&#8221;{}&#8221;][\/et_pb_text][et_pb_text _builder_version=&#8221;4.17.6&#8243; text_font=&#8221;|700|||||||&#8221; text_text_color=&#8221;#2a2a2a&#8221; text_font_size=&#8221;80px&#8221; text_line_height=&#8221;1.3em&#8221; custom_margin=&#8221;|-301px|0px|||&#8221; custom_padding=&#8221;|0px||||&#8221; animation_style=&#8221;fold&#8221; animation_direction=&#8221;bottom&#8221; animation_starting_opacity=&#8221;100%&#8221; global_colors_info=&#8221;{}&#8221;]<\/p>\n<p>Transparencia<\/p>\n<p>[\/et_pb_text][et_pb_text _builder_version=&#8221;4.17.6&#8243; text_font=&#8221;||||||||&#8221; text_font_size=&#8221;16px&#8221; text_line_height=&#8221;1.8em&#8221; custom_margin=&#8221;|||&#8221; custom_padding=&#8221;|||&#8221; animation_style=&#8221;slide&#8221; animation_direction=&#8221;left&#8221; animation_intensity_slide=&#8221;5%&#8221; animation_starting_opacity=&#8221;100%&#8221; global_colors_info=&#8221;{}&#8221;][\/et_pb_text][\/et_pb_column][\/et_pb_row][\/et_pb_section][et_pb_section fb_built=&#8221;1&#8243; admin_label=&#8221;Feature Section&#8221; _builder_version=&#8221;4.16&#8243; background_color=&#8221;#f7f7f7&#8243; background_image=&#8221;http:\/\/10.10.1.63\/cide\/wp-content\/uploads\/2022\/07\/7_img.png&#8221; background_size=&#8221;contain&#8221; background_position=&#8221;bottom_center&#8221; custom_padding=&#8221;110px|0px|0px|0px&#8221; global_colors_info=&#8221;{}&#8221;][\/et_pb_section][et_pb_section fb_built=&#8221;1&#8243; admin_label=&#8221;Seasonal Collection&#8221; _builder_version=&#8221;4.17.6&#8243; background_color=&#8221;#264059&#8243; use_background_color_gradient=&#8221;on&#8221; background_color_gradient_direction=&#8221;90deg&#8221; background_color_gradient_stops=&#8221;#163d34 30%|rgba(38,64,89,0) 100%&#8221; background_color_gradient_overlays_image=&#8221;on&#8221; background_color_gradient_start=&#8221;#264059&#8243; background_color_gradient_start_position=&#8221;30%&#8221; background_color_gradient_end=&#8221;rgba(38,64,89,0)&#8221; background_image=&#8221;http:\/\/10.10.1.63\/cide\/wp-content\/uploads\/2022\/07\/MG_4128.jpg&#8221; parallax=&#8221;on&#8221; custom_margin=&#8221;4px||1px|||&#8221; custom_padding=&#8221;0.2%|0px|0%|0px||&#8221; global_colors_info=&#8221;{}&#8221;][et_pb_row custom_padding_last_edited=&#8221;off|desktop&#8221; admin_label=&#8221;Hero Area&#8221; _builder_version=&#8221;4.16&#8243; max_width=&#8221;80%&#8221; custom_padding=&#8221;27px|0px|0px|0px||&#8221; use_custom_width=&#8221;on&#8221; width_unit=&#8221;off&#8221; global_colors_info=&#8221;{}&#8221;][et_pb_column type=&#8221;4_4&#8243; _builder_version=&#8221;4.16&#8243; custom_padding=&#8221;|||&#8221; global_colors_info=&#8221;{}&#8221; custom_padding__hover=&#8221;|||&#8221;][et_pb_text admin_label=&#8221;Hero Title&#8221; _builder_version=&#8221;4.17.6&#8243; text_font=&#8221;Open Sans||||||||&#8221; header_font=&#8221;Alice||||||||&#8221; header_font_size=&#8221;120px&#8221; header_letter_spacing=&#8221;-3px&#8221; header_line_height=&#8221;1.1em&#8221; background_layout=&#8221;dark&#8221; animation_style=&#8221;slide&#8221; animation_direction=&#8221;left&#8221; animation_intensity_slide=&#8221;5%&#8221; animation_starting_opacity=&#8221;100%&#8221; text_font_size_last_edited=&#8221;off|desktop&#8221; header_font_size_tablet=&#8221;&#8221; header_font_size_phone=&#8221;60px&#8221; header_font_size_last_edited=&#8221;on|phone&#8221; inline_fonts=&#8221;Open Sans&#8221; global_colors_info=&#8221;{}&#8221;][\/et_pb_text][et_pb_text _builder_version=&#8221;4.17.6&#8243; text_font=&#8221;||||||||&#8221; text_font_size=&#8221;18px&#8221; text_line_height=&#8221;1.8em&#8221; header_font=&#8221;||||||||&#8221; background_layout=&#8221;dark&#8221; max_width=&#8221;500px&#8221; custom_margin=&#8221;|||&#8221; custom_padding=&#8221;||10px|&#8221; animation_style=&#8221;slide&#8221; animation_direction=&#8221;left&#8221; animation_intensity_slide=&#8221;5%&#8221; animation_starting_opacity=&#8221;100%&#8221; global_colors_info=&#8221;{}&#8221;][\/et_pb_text][\/et_pb_column][\/et_pb_row][\/et_pb_section]<\/p>\n","protected":false},"excerpt":{"rendered":"<p>Unidad de Transparencia y AtribucionesLa Unidad de Transparencia es el \u00e1rea administrativa que coordina el cumplimiento de las obligaciones de transparencia, que gestiona las solicitudes de acceso a la informaci\u00f3n p\u00fablica y de datos personales entre la persona solicitante y las dem\u00e1s \u00e1reas administrativas y acad\u00e9micas, as\u00ed como la Unidad que coordina lo relacionado con [&hellip;]<\/p>\n","protected":false},"author":1,"featured_media":0,"parent":0,"menu_order":0,"comment_status":"closed","ping_status":"closed","template":"","meta":{"_et_pb_use_builder":"on","_et_pb_old_content":"","_et_gb_content_width":"","footnotes":""},"class_list":["post-569","page","type-page","status-publish","hentry"],"_links":{"self":[{"href":"https:\/\/transparencia.cide.edu\/index.php\/wp-json\/wp\/v2\/pages\/569","targetHints":{"allow":["GET"]}}],"collection":[{"href":"https:\/\/transparencia.cide.edu\/index.php\/wp-json\/wp\/v2\/pages"}],"about":[{"href":"https:\/\/transparencia.cide.edu\/index.php\/wp-json\/wp\/v2\/types\/page"}],"author":[{"embeddable":true,"href":"https:\/\/transparencia.cide.edu\/index.php\/wp-json\/wp\/v2\/users\/1"}],"replies":[{"embeddable":true,"href":"https:\/\/transparencia.cide.edu\/index.php\/wp-json\/wp\/v2\/comments?post=569"}],"version-history":[{"count":8,"href":"https:\/\/transparencia.cide.edu\/index.php\/wp-json\/wp\/v2\/pages\/569\/revisions"}],"predecessor-version":[{"id":1312,"href":"https:\/\/transparencia.cide.edu\/index.php\/wp-json\/wp\/v2\/pages\/569\/revisions\/1312"}],"wp:attachment":[{"href":"https:\/\/transparencia.cide.edu\/index.php\/wp-json\/wp\/v2\/media?parent=569"}],"curies":[{"name":"wp","href":"https:\/\/api.w.org\/{rel}","templated":true}]}}