{"id":593,"date":"2022-10-03T17:30:23","date_gmt":"2022-10-03T17:30:23","guid":{"rendered":"http:\/\/transparencia.cide.edu\/?page_id=593"},"modified":"2024-12-11T17:06:58","modified_gmt":"2024-12-11T17:06:58","slug":"informacion-relevante-en-materia-de-datos-personales-de-proteccion-de-datos-personales","status":"publish","type":"page","link":"https:\/\/transparencia.cide.edu\/index.php\/informacion-relevante-en-materia-de-datos-personales-de-proteccion-de-datos-personales\/","title":{"rendered":"INFORMACI\u00d3N RELEVANTE EN MATERIA DE DATOS PERSONALES DE PROTECCI\u00d3N DE DATOS PERSONALES"},"content":{"rendered":"<p>[et_pb_section fb_built=&#8221;1&#8243; admin_label=&#8221;Hero Section&#8221; _builder_version=&#8221;4.18.0&#8243; background_enable_image=&#8221;off&#8221; custom_margin=&#8221;|||&#8221; custom_padding=&#8221;0%|0px|0%|0px||&#8221; global_colors_info=&#8221;{}&#8221;][et_pb_row _builder_version=&#8221;4.18.0&#8243; _module_preset=&#8221;default&#8221; width=&#8221;82.7%&#8221; custom_margin=&#8221;|78px||268px||&#8221; custom_padding=&#8221;30px|||0px||&#8221; global_colors_info=&#8221;{}&#8221;][et_pb_column type=&#8221;4_4&#8243; _builder_version=&#8221;4.18.0&#8243; _module_preset=&#8221;default&#8221; global_colors_info=&#8221;{}&#8221;][et_pb_menu _builder_version=&#8221;4.18.0&#8243; _module_preset=&#8221;default&#8221; custom_margin=&#8221;|||-69px||&#8221; custom_padding=&#8221;|0px||||&#8221; global_colors_info=&#8221;{}&#8221;][\/et_pb_menu][\/et_pb_column][\/et_pb_row][\/et_pb_section][et_pb_section fb_built=&#8221;1&#8243; admin_label=&#8221;Hero Section&#8221; _builder_version=&#8221;4.18.0&#8243; use_background_color_gradient=&#8221;on&#8221; background_color_gradient_direction=&#8221;90deg&#8221; background_color_gradient_stops=&#8221;#163d34 29%|rgba(244,240,233,0) 100%&#8221; background_color_gradient_overlays_image=&#8221;on&#8221; background_color_gradient_start=&#8221;#f4f0e9&#8243; background_color_gradient_start_position=&#8221;30%&#8221; background_color_gradient_end=&#8221;rgba(244,240,233,0)&#8221; background_image=&#8221;https:\/\/transparencia.cide.edu\/wp-content\/uploads\/2022\/09\/CIB-8-scaled-1.jpg&#8221; custom_margin=&#8221;|||&#8221; custom_padding=&#8221;0%|0px|14%|0px||&#8221; global_colors_info=&#8221;{}&#8221;][et_pb_row custom_padding_last_edited=&#8221;off|desktop&#8221; admin_label=&#8221;Hero Area&#8221; _builder_version=&#8221;4.17.5&#8243; custom_padding=&#8221;27px|0px|0px|0px&#8221; global_colors_info=&#8221;{}&#8221;][et_pb_column type=&#8221;4_4&#8243; _builder_version=&#8221;4.17.5&#8243; custom_padding=&#8221;|||&#8221; global_colors_info=&#8221;{}&#8221; custom_padding__hover=&#8221;|||&#8221;][\/et_pb_column][\/et_pb_row][\/et_pb_section][et_pb_section fb_built=&#8221;1&#8243; admin_label=&#8221;Our Specialties Section&#8221; _builder_version=&#8221;4.16&#8243; custom_margin=&#8221;||-153px|||&#8221; custom_padding=&#8221;1px||4px|||&#8221; global_colors_info=&#8221;{}&#8221;][et_pb_row admin_label=&#8221;Title Area&#8221; _builder_version=&#8221;4.16&#8243; custom_padding=&#8221;||0px|||&#8221; global_colors_info=&#8221;{}&#8221;][et_pb_column type=&#8221;4_4&#8243; _builder_version=&#8221;4.16&#8243; custom_padding=&#8221;|||&#8221; global_colors_info=&#8221;{}&#8221; custom_padding__hover=&#8221;|||&#8221;][et_pb_text admin_label=&#8221;Title&#8221; _builder_version=&#8221;4.22.1&#8243; text_font=&#8221;||||||||&#8221; header_font=&#8221;||||||||&#8221; header_2_font=&#8221;Alice||||||||&#8221; header_2_text_align=&#8221;center&#8221; header_2_font_size=&#8221;42px&#8221; header_2_line_height=&#8221;1.3em&#8221; custom_margin=&#8221;||20px|&#8221; animation_style=&#8221;slide&#8221; animation_direction=&#8221;top&#8221; animation_intensity_slide=&#8221;30%&#8221; animation_starting_opacity=&#8221;100%&#8221; global_colors_info=&#8221;{}&#8221;]<\/p>\n<h1 class=\"bottom-buffer\" style=\"text-align: center;\"><b>INFORMACI\u00d3N RELEVANTE EN PROTECCI\u00d3N DE DATOS PERSONALES<\/b><\/h1>\n<p>[\/et_pb_text][\/et_pb_column][\/et_pb_row][et_pb_row column_structure=&#8221;1_2,1_2&#8243; admin_label=&#8221;Our Specialties&#8221; _builder_version=&#8221;4.22.1&#8243; min_height=&#8221;799px&#8221; custom_margin=&#8221;40px|auto|-111px|auto||&#8221; global_colors_info=&#8221;{}&#8221;][et_pb_column type=&#8221;1_2&#8243; _builder_version=&#8221;4.16&#8243; custom_padding=&#8221;|||&#8221; global_colors_info=&#8221;{}&#8221; custom_padding__hover=&#8221;|||&#8221;][et_pb_text _builder_version=&#8221;4.22.1&#8243; _module_preset=&#8221;default&#8221; global_colors_info=&#8221;{}&#8221;]<\/p>\n<p style=\"text-align: justify;\"><span>En el marco de nuestro compromiso con la transparencia y la protecci\u00f3n de los datos personales, ponemos a disposici\u00f3n de la ciudadan\u00eda los siguientes documentos esenciales:<\/span><\/p>\n<ol>\n<li>Ley General de Protecci\u00f3n de Datos Personales en Posesi\u00f3n de Sujetos Obligados.\u00a0 \u00a0 \u00a0 <a class=\"x_x_OWAAutoLink\" id=\"OWA7a9619da-a752-1ebd-99c8-cdfb8855a14d\" data-auth=\"NotApplicable\" rel=\"noopener noreferrer\" href=\"https:\/\/www.diputados.gob.mx\/LeyesBiblio\/pdf\/LGPDPPSO.pdf\" data-linkindex=\"1\" data-ogsc=\"\">Consultar el documento<\/a><\/li>\n<li>Ley General de Protecci\u00f3n de Datos Personales en Posesi\u00f3n de los Particulares.\u00a0 \u00a0 \u00a0 \u00a0 \u00a0 \u00a0<a class=\"x_x_OWAAutoLink\" id=\"OWA07174e5e-2211-6496-be3b-e65ff9eed262\" data-auth=\"NotApplicable\" rel=\"noopener noreferrer\" href=\"https:\/\/www.diputados.gob.mx\/LeyesBiblio\/pdf\/LFPDPPP.pdf\" data-linkindex=\"3\" data-ogsc=\"\">Acceder a la ley<\/a><\/li>\n<li>Lineamientos Generales de Protecci\u00f3n de Datos Personales para el Sector P\u00fablico.\u00a0 \u00a0 \u00a0<a class=\"x_x_OWAAutoLink\" id=\"OWAb2cb7096-28d6-6d4e-7cbc-26858bc7b4a0\" data-auth=\"NotApplicable\" rel=\"noopener noreferrer\" href=\"https:\/\/www.gob.mx\/conafe\/documentos\/lineamientos-generales-proteccion-de-datos-personales-para-el-sector-publico\" data-linkindex=\"5\" data-ogsc=\"\">Ver lineamientos<\/a><\/li>\n<li>Diccionario de Protecci\u00f3n de Datos Personales.\u00a0 \u00a0 \u00a0 \u00a0 \u00a0 \u00a0 \u00a0 \u00a0 \u00a0 \u00a0 \u00a0 \u00a0 \u00a0 \u00a0 \u00a0 \u00a0 \u00a0 \u00a0 \u00a0 \u00a0 \u00a0 \u00a0 \u00a0 \u00a0 \u00a0 \u00a0 \u00a0 \u00a0 \u00a0 \u00a0 \u00a0 \u00a0 \u00a0 \u00a0 \u00a0<span><\/span><a class=\"x_x_OWAAutoLink\" id=\"OWAdb6304f7-3ff9-a72a-cea8-d2f652e613dd\" data-auth=\"NotApplicable\" rel=\"noopener noreferrer\" href=\"https:\/\/home.inai.org.mx\/wp-content\/documentos\/Publicaciones\/Documentos\/DICCIONARIO_PDP_digital.pdf\" data-linkindex=\"7\" data-ogsc=\"\">Revisar el diccionario<\/a><\/li>\n<\/ol>\n<p>[\/et_pb_text][\/et_pb_column][et_pb_column type=&#8221;1_2&#8243; _builder_version=&#8221;4.16&#8243; custom_padding=&#8221;|||&#8221; global_colors_info=&#8221;{}&#8221; custom_padding__hover=&#8221;|||&#8221;][et_pb_image src=&#8221;https:\/\/transparencia.cide.edu\/wp-content\/uploads\/2022\/09\/ALAMEDA-1.jpg&#8221; title_text=&#8221;ALAMEDA (1)&#8221; url=&#8221;https:\/\/transparencia.cide.edu\/index.php\/datos-abierto\/&#8221; url_new_window=&#8221;on&#8221; force_fullwidth=&#8221;on&#8221; align_tablet=&#8221;center&#8221; align_phone=&#8221;&#8221; align_last_edited=&#8221;on|desktop&#8221; _builder_version=&#8221;4.18.0&#8243; animation_style=&#8221;zoom&#8221; animation_direction=&#8221;top&#8221; animation_intensity_zoom=&#8221;10%&#8221; animation_starting_opacity=&#8221;100%&#8221; global_colors_info=&#8221;{}&#8221;][\/et_pb_image][\/et_pb_column][\/et_pb_row][\/et_pb_section][et_pb_section fb_built=&#8221;1&#8243; _builder_version=&#8221;4.22.1&#8243; _module_preset=&#8221;default&#8221; min_height=&#8221;634.6px&#8221; global_colors_info=&#8221;{}&#8221;][et_pb_row _builder_version=&#8221;4.22.1&#8243; _module_preset=&#8221;default&#8221; global_colors_info=&#8221;{}&#8221;][et_pb_column type=&#8221;4_4&#8243; _builder_version=&#8221;4.22.1&#8243; _module_preset=&#8221;default&#8221; global_colors_info=&#8221;{}&#8221;][et_pb_text _builder_version=&#8221;4.27.0&#8243; _module_preset=&#8221;default&#8221; hover_enabled=&#8221;0&#8243; global_colors_info=&#8221;{}&#8221; sticky_enabled=&#8221;0&#8243;]<\/p>\n<p>Fecha de actualizaci\u00f3n: agosto 2024.<\/p>\n<p style=\"text-align: center;\"><strong>\u00a1Bienvenida a la secci\u00f3n de Protecci\u00f3n de Datos Personales de nuestro portal de Transparencia!<\/strong><\/p>\n<p>De conformidad con lo establecido en el art\u00edculo 250 de los <strong>Lineamientos Generales de Protecci\u00f3n de Datos Personales para el Sector P\u00fablico<\/strong>, la Unidad de Transparencia CIDE pone a disposici\u00f3n de la ciudadan\u00eda los siguientes recursos clave:<\/p>\n<table>\n<thead>\n<tr>\n<td><strong>No<\/strong><\/td>\n<td><strong>Criterio<\/strong><\/td>\n<td><strong>Medio de verificaci\u00f3n<\/strong><\/td>\n<\/tr>\n<\/thead>\n<tbody>\n<tr>\n<td>1<\/td>\n<td>Hiperv\u00ednculo al apartado denominado \u201cProtecci\u00f3n de Datos Personales\u201d publicado en el portal de internet de la entidad<\/td>\n<td><a href=\"https:\/\/transparencia.cide.edu\/index.php\/indicadores\/\" target=\"_blank\" rel=\"noopener\"><span>Ver aqu\u00ed<\/span><\/a><\/td>\n<\/tr>\n<tr>\n<td>2<\/td>\n<td>Hiperv\u00ednculo a la secci\u00f3n \u201cAvisos de privacidad integrales\u201d publicada en el apartado \u201cProtecci\u00f3n de Datos Personales\u201d<\/td>\n<td><a href=\"https:\/\/transparencia.cide.edu\/index.php\/avisos-de-privacidad-integral\/\" target=\"_blank\" rel=\"noopener\"><span>Ver aqu\u00ed<\/span><\/a><\/td>\n<\/tr>\n<tr>\n<td>3<\/td>\n<td>Hiperv\u00ednculo a la secci\u00f3n \u201cDatos de contacto de la Unidad de Transparencia y del Oficial de Protecci\u00f3n de Datos Personales\u201d<\/td>\n<td><a href=\"https:\/\/transparencia.cide.edu\/index.php\/unidad-de-transparencias-y-atribuciones\/\" target=\"_blank\" rel=\"noopener\"><span>Ver aqu\u00ed<\/span><\/a><\/td>\n<\/tr>\n<tr>\n<td>4<\/td>\n<td>Hiperv\u00ednculo a la secci\u00f3n \u201cInformaci\u00f3n relevante en materia de protecci\u00f3n de datos personales\u201d publicada en el apartado correspondiente<\/td>\n<td><a href=\"https:\/\/transparencia.cide.edu\/index.php\/informacion-relevante-en-materia-de-datos-personales-de-proteccion-de-datos-personales\/\" target=\"_blank\" rel=\"noopener\"><span>Ver aqu\u00ed<\/span><\/a><\/td>\n<\/tr>\n<\/tbody>\n<\/table>\n<p><strong>Anexo 8. Formatos obligatorios para la publicaci\u00f3n de medios de verificaci\u00f3n documentales dentro del apartado virtual \u201cProtecci\u00f3n de Datos Personales\u201d<\/strong><\/p>\n<p><strong>Vertiente 1: Principios<\/strong><\/p>\n<p><a href=\"https:\/\/transparencia.cide.edu\/files\/Anexo_8\/Variable%20y%20formato%201.1%20Aviso%20de%20Privacidad%20Integral_CIDE.pdf\" target=\"_blank\" rel=\"noopener\">Variable y formato 1.1 Aviso de Privacidad Integral.<\/a><\/p>\n<p><a href=\"https:\/\/transparencia.cide.edu\/files\/Anexo_8\/Variable%20y%20formato%201.2%20Mecanismos_CIDE.pdf\" target=\"_blank\" rel=\"noopener\">Variable y formato 1.2 Mecanismos para acreditar el cumplimiento de principios, deberes y obligaciones de la Ley.<\/a><\/p>\n<p><strong>Vertiente 2: Deberes<\/strong><\/p>\n<p><a href=\"https:\/\/transparencia.cide.edu\/files\/Anexo_8\/Variable%20y%20formato%202.1%20Deber%20de%20seguridad_CIDE.pdf\" target=\"_blank\" rel=\"noopener\">Variable y formato 2.1 Deber de seguridad.<\/a><\/p>\n<p><a href=\"https:\/\/transparencia.cide.edu\/files\/Anexo_8\/Variable%20y%20formato%202.2%20Deber%20de%20confidencialidad%20(CIDE).pdf\" target=\"_blank\" rel=\"noopener\">Variable y formato 2.2 Deber de confidencialidad y comunicaciones de datos personales.<\/a><\/p>\n<p><strong>Vertiente 3: Ejercicio de los derechos ARCO<\/strong><\/p>\n<p><a href=\"https:\/\/transparencia.cide.edu\/files\/Anexo_8\/Vertiente%203%20_Ejercicio%20de%20los%20derechos%20ARCO%20(CIDE).pdf\" target=\"_blank\" rel=\"noopener\">Variable y formato 3.1 Mecanismos para el ejercicio de los derechos ARCO.<\/a><\/p>\n<p><strong>Vertiente 4: Portabilidad<\/strong><\/p>\n<p><a href=\"https:\/\/transparencia.cide.edu\/files\/Anexo_8\/Variable%20y%20formato%204.1%20Portabilidad%20(CIDE).pdf\" target=\"_blank\" rel=\"noopener\">Variable y formato 4.1 Portabilidad de datos personales.<\/a><\/p>\n<p style=\"text-align: left;\"><strong>Vertiente 5: Acciones preventivas en materia de protecci\u00f3n de datos personales<\/strong><\/p>\n<p style=\"text-align: left;\"><a href=\"https:\/\/transparencia.cide.edu\/files\/Anexo_8\/Vertiente%205_Acciones%20preventivas%20de%20PDP.pdf\" target=\"_blank\" rel=\"noopener\">Variable y formato 5.1 Evaluaci\u00f3n de impacto en la protecci\u00f3n de datos personales.<\/a><\/p>\n<p style=\"text-align: left;\"><strong>Vertiente 6: Responsables en materia de Protecci\u00f3n de Datos Personales<\/strong><\/p>\n<p style=\"text-align: left;\"><a href=\"https:\/\/transparencia.cide.edu\/files\/Anexo_8\/Vertiente%206.1_Responsable_materia_PDP_CIDE.pdf\" target=\"_blank\" rel=\"noopener\">Variable y formato 6.1 El Comit\u00e9 de Transparencia y la Unidad de Transparencia.<\/a><\/p>\n<p style=\"text-align: left;\"><a href=\"https:\/\/transparencia.cide.edu\/files\/Anexo_8\/Variable%20y%20formato%206.2%20Oficial_CIDE.pdf\" target=\"_blank\" rel=\"noopener\">Variable y formato 6.2 Oficial de Protecci\u00f3n de Datos Personales<\/a><\/p>\n<p style=\"text-align: left;\">[\/et_pb_text][\/et_pb_column][\/et_pb_row][\/et_pb_section][et_pb_section fb_built=&#8221;1&#8243; admin_label=&#8221;Seasonal Collection&#8221; _builder_version=&#8221;4.17.6&#8243; background_color=&#8221;#264059&#8243; use_background_color_gradient=&#8221;on&#8221; background_color_gradient_direction=&#8221;90deg&#8221; background_color_gradient_stops=&#8221;#163d34 30%|rgba(38,64,89,0) 100%&#8221; background_color_gradient_overlays_image=&#8221;on&#8221; background_color_gradient_start=&#8221;#264059&#8243; background_color_gradient_start_position=&#8221;30%&#8221; background_color_gradient_end=&#8221;rgba(38,64,89,0)&#8221; background_image=&#8221;http:\/\/10.10.1.63\/cide\/wp-content\/uploads\/2022\/07\/MG_4128.jpg&#8221; parallax=&#8221;on&#8221; custom_margin=&#8221;4px||1px|||&#8221; custom_padding=&#8221;0.2%|0px|0%|0px||&#8221; global_colors_info=&#8221;{}&#8221;][et_pb_row custom_padding_last_edited=&#8221;off|desktop&#8221; admin_label=&#8221;Hero Area&#8221; _builder_version=&#8221;4.16&#8243; max_width=&#8221;80%&#8221; custom_padding=&#8221;27px|0px|0px|0px||&#8221; use_custom_width=&#8221;on&#8221; width_unit=&#8221;off&#8221; global_colors_info=&#8221;{}&#8221;][et_pb_column type=&#8221;4_4&#8243; _builder_version=&#8221;4.16&#8243; custom_padding=&#8221;|||&#8221; global_colors_info=&#8221;{}&#8221; custom_padding__hover=&#8221;|||&#8221;][et_pb_text admin_label=&#8221;Hero Title&#8221; _builder_version=&#8221;4.17.6&#8243; text_font=&#8221;Open Sans||||||||&#8221; header_font=&#8221;Alice||||||||&#8221; header_font_size=&#8221;120px&#8221; header_letter_spacing=&#8221;-3px&#8221; header_line_height=&#8221;1.1em&#8221; background_layout=&#8221;dark&#8221; animation_style=&#8221;slide&#8221; animation_direction=&#8221;left&#8221; animation_intensity_slide=&#8221;5%&#8221; animation_starting_opacity=&#8221;100%&#8221; text_font_size_last_edited=&#8221;off|desktop&#8221; header_font_size_tablet=&#8221;&#8221; header_font_size_phone=&#8221;60px&#8221; header_font_size_last_edited=&#8221;on|phone&#8221; inline_fonts=&#8221;Open Sans&#8221; global_colors_info=&#8221;{}&#8221;][\/et_pb_text][et_pb_text _builder_version=&#8221;4.17.6&#8243; text_font=&#8221;||||||||&#8221; text_font_size=&#8221;18px&#8221; text_line_height=&#8221;1.8em&#8221; header_font=&#8221;||||||||&#8221; background_layout=&#8221;dark&#8221; max_width=&#8221;500px&#8221; custom_margin=&#8221;|||&#8221; custom_padding=&#8221;||10px|&#8221; animation_style=&#8221;slide&#8221; animation_direction=&#8221;left&#8221; animation_intensity_slide=&#8221;5%&#8221; animation_starting_opacity=&#8221;100%&#8221; global_colors_info=&#8221;{}&#8221;][\/et_pb_text][\/et_pb_column][\/et_pb_row][\/et_pb_section]<\/p>\n","protected":false},"excerpt":{"rendered":"<p>INFORMACI\u00d3N RELEVANTE EN PROTECCI\u00d3N DE DATOS PERSONALESEn el marco de nuestro compromiso con la transparencia y la protecci\u00f3n de los datos personales, ponemos a disposici\u00f3n de la ciudadan\u00eda los siguientes documentos esenciales: Ley General de Protecci\u00f3n de Datos Personales en Posesi\u00f3n de Sujetos Obligados.\u00a0 \u00a0 \u00a0 Consultar el documento Ley General de Protecci\u00f3n de Datos [&hellip;]<\/p>\n","protected":false},"author":1,"featured_media":0,"parent":0,"menu_order":0,"comment_status":"closed","ping_status":"closed","template":"","meta":{"_et_pb_use_builder":"on","_et_pb_old_content":"","_et_gb_content_width":"","footnotes":""},"class_list":["post-593","page","type-page","status-publish","hentry"],"_links":{"self":[{"href":"https:\/\/transparencia.cide.edu\/index.php\/wp-json\/wp\/v2\/pages\/593","targetHints":{"allow":["GET"]}}],"collection":[{"href":"https:\/\/transparencia.cide.edu\/index.php\/wp-json\/wp\/v2\/pages"}],"about":[{"href":"https:\/\/transparencia.cide.edu\/index.php\/wp-json\/wp\/v2\/types\/page"}],"author":[{"embeddable":true,"href":"https:\/\/transparencia.cide.edu\/index.php\/wp-json\/wp\/v2\/users\/1"}],"replies":[{"embeddable":true,"href":"https:\/\/transparencia.cide.edu\/index.php\/wp-json\/wp\/v2\/comments?post=593"}],"version-history":[{"count":24,"href":"https:\/\/transparencia.cide.edu\/index.php\/wp-json\/wp\/v2\/pages\/593\/revisions"}],"predecessor-version":[{"id":1508,"href":"https:\/\/transparencia.cide.edu\/index.php\/wp-json\/wp\/v2\/pages\/593\/revisions\/1508"}],"wp:attachment":[{"href":"https:\/\/transparencia.cide.edu\/index.php\/wp-json\/wp\/v2\/media?parent=593"}],"curies":[{"name":"wp","href":"https:\/\/api.w.org\/{rel}","templated":true}]}}