{"id":611,"date":"2022-10-03T21:05:06","date_gmt":"2022-10-03T21:05:06","guid":{"rendered":"http:\/\/transparencia.cide.edu\/?page_id=611"},"modified":"2024-08-21T16:12:53","modified_gmt":"2024-08-21T16:12:53","slug":"informacion-socialmente-util","status":"publish","type":"page","link":"https:\/\/transparencia.cide.edu\/index.php\/informacion-socialmente-util\/","title":{"rendered":"INFORMACI\u00d3N SOCIALMENTE \u00daTIL"},"content":{"rendered":"<p>[et_pb_section fb_built=&#8221;1&#8243; admin_label=&#8221;Hero Section&#8221; _builder_version=&#8221;4.18.0&#8243; background_enable_image=&#8221;off&#8221; custom_margin=&#8221;|||&#8221; custom_padding=&#8221;0%|0px|0%|0px||&#8221; global_colors_info=&#8221;{}&#8221;][et_pb_row _builder_version=&#8221;4.18.0&#8243; _module_preset=&#8221;default&#8221; width=&#8221;82.7%&#8221; custom_margin=&#8221;|78px||268px||&#8221; custom_padding=&#8221;30px|||0px||&#8221; global_colors_info=&#8221;{}&#8221;][et_pb_column type=&#8221;4_4&#8243; _builder_version=&#8221;4.18.0&#8243; _module_preset=&#8221;default&#8221; global_colors_info=&#8221;{}&#8221;][et_pb_menu _builder_version=&#8221;4.18.0&#8243; _module_preset=&#8221;default&#8221; custom_margin=&#8221;|||-69px||&#8221; custom_padding=&#8221;|0px||||&#8221; global_colors_info=&#8221;{}&#8221;][\/et_pb_menu][\/et_pb_column][\/et_pb_row][\/et_pb_section][et_pb_section fb_built=&#8221;1&#8243; admin_label=&#8221;Hero Section&#8221; _builder_version=&#8221;4.18.0&#8243; use_background_color_gradient=&#8221;on&#8221; background_color_gradient_direction=&#8221;90deg&#8221; background_color_gradient_stops=&#8221;#163d34 29%|rgba(244,240,233,0) 100%&#8221; background_color_gradient_overlays_image=&#8221;on&#8221; background_color_gradient_start=&#8221;#f4f0e9&#8243; background_color_gradient_start_position=&#8221;30%&#8221; background_color_gradient_end=&#8221;rgba(244,240,233,0)&#8221; background_image=&#8221;https:\/\/transparencia.cide.edu\/wp-content\/uploads\/2022\/09\/CIB-8-scaled-1.jpg&#8221; custom_margin=&#8221;|||&#8221; custom_padding=&#8221;0%|0px|14%|0px||&#8221; global_colors_info=&#8221;{}&#8221;][et_pb_row custom_padding_last_edited=&#8221;off|desktop&#8221; admin_label=&#8221;Hero Area&#8221; _builder_version=&#8221;4.17.5&#8243; custom_padding=&#8221;27px|0px|0px|0px&#8221; global_colors_info=&#8221;{}&#8221;][et_pb_column type=&#8221;4_4&#8243; _builder_version=&#8221;4.17.5&#8243; custom_padding=&#8221;|||&#8221; global_colors_info=&#8221;{}&#8221; custom_padding__hover=&#8221;|||&#8221;][\/et_pb_column][\/et_pb_row][\/et_pb_section][et_pb_section fb_built=&#8221;1&#8243; admin_label=&#8221;Our Specialties Section&#8221; _builder_version=&#8221;4.16&#8243; custom_padding=&#8221;1px||4px|||&#8221; global_colors_info=&#8221;{}&#8221;][et_pb_row admin_label=&#8221;Title Area&#8221; _builder_version=&#8221;4.16&#8243; global_colors_info=&#8221;{}&#8221;][et_pb_column type=&#8221;4_4&#8243; _builder_version=&#8221;4.16&#8243; custom_padding=&#8221;|||&#8221; global_colors_info=&#8221;{}&#8221; custom_padding__hover=&#8221;|||&#8221;][et_pb_text admin_label=&#8221;Title&#8221; _builder_version=&#8221;4.22.1&#8243; text_font=&#8221;||||||||&#8221; header_font=&#8221;||||||||&#8221; header_2_font=&#8221;Alice||||||||&#8221; header_2_text_align=&#8221;center&#8221; header_2_font_size=&#8221;42px&#8221; header_2_line_height=&#8221;1.3em&#8221; custom_margin=&#8221;||20px|&#8221; animation_style=&#8221;slide&#8221; animation_direction=&#8221;top&#8221; animation_intensity_slide=&#8221;30%&#8221; animation_starting_opacity=&#8221;100%&#8221; global_colors_info=&#8221;{}&#8221;]<\/p>\n<h1 class=\"entry-title main_title\" style=\"text-align: center;\">INFORMACI\u00d3N SOCIALMENTE \u00daTIL<\/h1>\n<p>[\/et_pb_text][et_pb_divider color=&#8221;#2a2a2a&#8221; divider_weight=&#8221;3px&#8221; _builder_version=&#8221;4.16&#8243; max_width=&#8221;50px&#8221; module_alignment=&#8221;center&#8221; custom_margin=&#8221;||10px|&#8221; animation_style=&#8221;slide&#8221; animation_direction=&#8221;top&#8221; animation_intensity_slide=&#8221;30%&#8221; animation_starting_opacity=&#8221;100%&#8221; global_colors_info=&#8221;{}&#8221;][\/et_pb_divider][\/et_pb_column][\/et_pb_row][et_pb_row column_structure=&#8221;1_2,1_2&#8243; admin_label=&#8221;Our Specialties&#8221; _builder_version=&#8221;4.22.1&#8243; custom_margin=&#8221;40px|||&#8221; global_colors_info=&#8221;{}&#8221;][et_pb_column type=&#8221;1_2&#8243; _builder_version=&#8221;4.16&#8243; custom_padding=&#8221;|||&#8221; global_colors_info=&#8221;{}&#8221; custom_padding__hover=&#8221;|||&#8221;][et_pb_text _builder_version=&#8221;4.27.0&#8243; _module_preset=&#8221;default&#8221; hover_enabled=&#8221;0&#8243; global_colors_info=&#8221;{}&#8221; sticky_enabled=&#8221;0&#8243;]<\/p>\n<p style=\"text-align: center;\"><strong>Informaci\u00f3n socialmente \u00fatil<\/strong><\/p>\n<p style=\"text-align: justify;\">El Centro de Investigaci\u00f3n y Docencias Econ\u00f3micas, A.C. (CIDE) es una instituci\u00f3n p\u00fablica de investigaci\u00f3n y educaci\u00f3n superior especializada en ciencias sociales, creada en 1974. Su objetivo es realizar investigaci\u00f3n cient\u00edfica de excelencia y formar recursos humanos de alto nivel en las \u00e1reas de administraci\u00f3n p\u00fablica, ciencia pol\u00edtica, derecho, econom\u00eda, historia, relaciones internacionales y campos afines.<\/p>\n<p style=\"text-align: justify;\">El Centro busca combinar un conjunto de caracter\u00edsticas que le den un perfil propio y distintivo con el fin de lograr un mayor impacto en la sociedad mexicana y el \u00e1mbito intelectual. En el \u00e1mbito de la investigaci\u00f3n se busca alcanzar una \u00f3ptima combinaci\u00f3n entre el trabajo orientado al avance del conocimiento cient\u00edfico, incluso compitiendo y dialogando en la arena internacional, con estudios que sean capaces de nutrir la toma de decisiones en los sectores p\u00fablico, privado y social.<\/p>\n<p style=\"text-align: center;\"><strong>MISI\u00d3N<\/strong><\/p>\n<p style=\"text-align: justify;\">La misi\u00f3n del CIDE consiste en enriquecer el acervo de capital intelectual y humano del pa\u00eds en n\u00facleos clave de las ciencias sociales a trav\u00e9s de: 1)investigaci\u00f3n que contribuya al avance del conocimiento cient\u00edfico; 2) programas de licenciatura y posgrado de alta calidad para la formaci\u00f3n de profesionales capaces de asumir posiciones directivas o de hacer la diferencia en el \u00e1mbito acad\u00e9mico, sustentados en el arduo trabajo y la evaluaci\u00f3n constante; y 3) generaci\u00f3n de conocimiento socialmente pertinente que auxilie en la toma de decisiones en temas clave de la agenda p\u00fablica.<\/p>\n<p style=\"text-align: center;\"><strong>OBJETIVO<\/strong><\/p>\n<p style=\"text-align: justify;\">En el CIDE, la planeaci\u00f3n se revisa sistem\u00e1ticamente para adecuarla a las exigencias del entorno, dirigir recursos y consolidar las acciones m\u00e1s importantes hacia el logro de la misi\u00f3n institucional. Estos esfuerzos de reflexi\u00f3n continua se concretan en el Plan Estrat\u00e9gico de Mediano Plazo del CIDE 2009-2013 en el cual se definen los siguientes objetivos estrat\u00e9gicos:<\/p>\n<p style=\"text-align: justify;\">Incrementar en forma constante la calidad de la investigaci\u00f3n medida a trav\u00e9s de est\u00e1ndares internacionales cada vez m\u00e1s rigurosos;<\/p>\n<p style=\"text-align: justify;\">Formar recursos humanos de alta calidad y competitividad a partir de un universo lo m\u00e1s amplio y diverso posible en t\u00e9rminos socioecon\u00f3micos y geogr\u00e1ficos; y<\/p>\n<p style=\"text-align: justify;\">Alimentar el debate p\u00fablico y la toma de decisiones estrat\u00e9gicas en los temas relacionados a la agenda de investigaci\u00f3n del Centro.<\/p>\n<p style=\"text-align: justify;\">Para conocer en detalle las disposiciones legales que rigen nuestra instituci\u00f3n, as\u00ed como nuestras atribuciones y funciones espec\u00edficas, te invitamos a consultar nuestro Manual Organizacional del CIDE. <a href=\"https:\/\/transparencia.cide.edu\/files\/fracciones\/manual_general_de_organizacion_CIDE.pdf\" target=\"_blank\" rel=\"noopener\">Haz clic aqu\u00ed para acceder al manual.<\/a><\/p>\n<p>[\/et_pb_text][\/et_pb_column][et_pb_column type=&#8221;1_2&#8243; _builder_version=&#8221;4.16&#8243; custom_padding=&#8221;|||&#8221; global_colors_info=&#8221;{}&#8221; custom_padding__hover=&#8221;|||&#8221;][et_pb_image src=&#8221;https:\/\/transparencia.cide.edu\/wp-content\/uploads\/2022\/09\/ALAMEDA-1.jpg&#8221; title_text=&#8221;ALAMEDA (1)&#8221; url=&#8221;https:\/\/transparencia.cide.edu\/index.php\/datos-abierto\/&#8221; url_new_window=&#8221;on&#8221; force_fullwidth=&#8221;on&#8221; align_tablet=&#8221;center&#8221; align_phone=&#8221;&#8221; align_last_edited=&#8221;on|desktop&#8221; _builder_version=&#8221;4.18.0&#8243; animation_style=&#8221;zoom&#8221; animation_direction=&#8221;top&#8221; animation_intensity_zoom=&#8221;10%&#8221; animation_starting_opacity=&#8221;100%&#8221; global_colors_info=&#8221;{}&#8221;][\/et_pb_image][et_pb_text _builder_version=&#8221;4.18.0&#8243; text_font=&#8221;||||||||&#8221; text_font_size=&#8221;16px&#8221; text_line_height=&#8221;1.8em&#8221; header_font=&#8221;||||||||&#8221; header_3_font=&#8221;|600|||||||&#8221; header_3_line_height=&#8221;1.5em&#8221; custom_margin=&#8221;40px||10px|&#8221; custom_padding=&#8221;|||&#8221; animation_style=&#8221;flip&#8221; animation_starting_opacity=&#8221;100%&#8221; global_colors_info=&#8221;{}&#8221;]<\/p>\n<h2 class=\"to-animate fadeInUp animated text-center\">CIDE<\/h2>\n<p>[\/et_pb_text][\/et_pb_column][\/et_pb_row][\/et_pb_section][et_pb_section fb_built=&#8221;1&#8243; admin_label=&#8221;Seasonal Collection&#8221; _builder_version=&#8221;4.17.6&#8243; background_color=&#8221;#264059&#8243; use_background_color_gradient=&#8221;on&#8221; background_color_gradient_direction=&#8221;90deg&#8221; background_color_gradient_stops=&#8221;#163d34 30%|rgba(38,64,89,0) 100%&#8221; background_color_gradient_overlays_image=&#8221;on&#8221; background_color_gradient_start=&#8221;#264059&#8243; background_color_gradient_start_position=&#8221;30%&#8221; background_color_gradient_end=&#8221;rgba(38,64,89,0)&#8221; background_image=&#8221;http:\/\/10.10.1.63\/cide\/wp-content\/uploads\/2022\/07\/MG_4128.jpg&#8221; parallax=&#8221;on&#8221; custom_margin=&#8221;4px||1px|||&#8221; custom_padding=&#8221;0.2%|0px|0%|0px||&#8221; global_colors_info=&#8221;{}&#8221;][et_pb_row custom_padding_last_edited=&#8221;off|desktop&#8221; admin_label=&#8221;Hero Area&#8221; _builder_version=&#8221;4.16&#8243; max_width=&#8221;80%&#8221; custom_padding=&#8221;27px|0px|0px|0px||&#8221; use_custom_width=&#8221;on&#8221; width_unit=&#8221;off&#8221; global_colors_info=&#8221;{}&#8221;][et_pb_column type=&#8221;4_4&#8243; _builder_version=&#8221;4.16&#8243; custom_padding=&#8221;|||&#8221; global_colors_info=&#8221;{}&#8221; custom_padding__hover=&#8221;|||&#8221;][et_pb_text admin_label=&#8221;Hero Title&#8221; _builder_version=&#8221;4.17.6&#8243; text_font=&#8221;Open Sans||||||||&#8221; header_font=&#8221;Alice||||||||&#8221; header_font_size=&#8221;120px&#8221; header_letter_spacing=&#8221;-3px&#8221; header_line_height=&#8221;1.1em&#8221; background_layout=&#8221;dark&#8221; animation_style=&#8221;slide&#8221; animation_direction=&#8221;left&#8221; animation_intensity_slide=&#8221;5%&#8221; animation_starting_opacity=&#8221;100%&#8221; text_font_size_last_edited=&#8221;off|desktop&#8221; header_font_size_tablet=&#8221;&#8221; header_font_size_phone=&#8221;60px&#8221; header_font_size_last_edited=&#8221;on|phone&#8221; inline_fonts=&#8221;Open Sans&#8221; global_colors_info=&#8221;{}&#8221;][\/et_pb_text][et_pb_text _builder_version=&#8221;4.17.6&#8243; text_font=&#8221;||||||||&#8221; text_font_size=&#8221;18px&#8221; text_line_height=&#8221;1.8em&#8221; header_font=&#8221;||||||||&#8221; background_layout=&#8221;dark&#8221; max_width=&#8221;500px&#8221; custom_margin=&#8221;|||&#8221; custom_padding=&#8221;||10px|&#8221; animation_style=&#8221;slide&#8221; animation_direction=&#8221;left&#8221; animation_intensity_slide=&#8221;5%&#8221; animation_starting_opacity=&#8221;100%&#8221; global_colors_info=&#8221;{}&#8221;][\/et_pb_text][\/et_pb_column][\/et_pb_row][\/et_pb_section]<\/p>\n","protected":false},"excerpt":{"rendered":"<p>INFORMACI\u00d3N SOCIALMENTE \u00daTILInformaci\u00f3n socialmente \u00fatil El Centro de Investigaci\u00f3n y Docencias Econ\u00f3micas, A.C. (CIDE) es una instituci\u00f3n p\u00fablica de investigaci\u00f3n y educaci\u00f3n superior especializada en ciencias sociales, creada en 1974. Su objetivo es realizar investigaci\u00f3n cient\u00edfica de excelencia y formar recursos humanos de alto nivel en las \u00e1reas de administraci\u00f3n p\u00fablica, ciencia pol\u00edtica, derecho, econom\u00eda, [&hellip;]<\/p>\n","protected":false},"author":1,"featured_media":0,"parent":0,"menu_order":0,"comment_status":"closed","ping_status":"closed","template":"","meta":{"_et_pb_use_builder":"on","_et_pb_old_content":"","_et_gb_content_width":"","footnotes":""},"class_list":["post-611","page","type-page","status-publish","hentry"],"_links":{"self":[{"href":"https:\/\/transparencia.cide.edu\/index.php\/wp-json\/wp\/v2\/pages\/611","targetHints":{"allow":["GET"]}}],"collection":[{"href":"https:\/\/transparencia.cide.edu\/index.php\/wp-json\/wp\/v2\/pages"}],"about":[{"href":"https:\/\/transparencia.cide.edu\/index.php\/wp-json\/wp\/v2\/types\/page"}],"author":[{"embeddable":true,"href":"https:\/\/transparencia.cide.edu\/index.php\/wp-json\/wp\/v2\/users\/1"}],"replies":[{"embeddable":true,"href":"https:\/\/transparencia.cide.edu\/index.php\/wp-json\/wp\/v2\/comments?post=611"}],"version-history":[{"count":13,"href":"https:\/\/transparencia.cide.edu\/index.php\/wp-json\/wp\/v2\/pages\/611\/revisions"}],"predecessor-version":[{"id":1448,"href":"https:\/\/transparencia.cide.edu\/index.php\/wp-json\/wp\/v2\/pages\/611\/revisions\/1448"}],"wp:attachment":[{"href":"https:\/\/transparencia.cide.edu\/index.php\/wp-json\/wp\/v2\/media?parent=611"}],"curies":[{"name":"wp","href":"https:\/\/api.w.org\/{rel}","templated":true}]}}