{"id":786,"date":"2022-10-24T15:55:51","date_gmt":"2022-10-24T15:55:51","guid":{"rendered":"http:\/\/transparencia.cide.edu\/?page_id=786"},"modified":"2024-08-19T19:04:32","modified_gmt":"2024-08-19T19:04:32","slug":"obligaciones-de-tranparencia","status":"publish","type":"page","link":"https:\/\/transparencia.cide.edu\/index.php\/obligaciones-de-tranparencia\/","title":{"rendered":"Obligaciones de Transparencia"},"content":{"rendered":"<p>[et_pb_section fb_built=&#8221;1&#8243; admin_label=&#8221;Hero Section&#8221; _builder_version=&#8221;4.18.0&#8243; background_enable_image=&#8221;off&#8221; custom_margin=&#8221;|||&#8221; custom_padding=&#8221;0%|0px|0%|0px||&#8221; global_colors_info=&#8221;{}&#8221;][et_pb_row _builder_version=&#8221;4.18.0&#8243; _module_preset=&#8221;default&#8221; width=&#8221;82.7%&#8221; custom_margin=&#8221;|78px||268px||&#8221; custom_padding=&#8221;30px|||0px||&#8221; global_colors_info=&#8221;{}&#8221;][et_pb_column type=&#8221;4_4&#8243; _builder_version=&#8221;4.18.0&#8243; _module_preset=&#8221;default&#8221; global_colors_info=&#8221;{}&#8221;][et_pb_menu _builder_version=&#8221;4.18.0&#8243; _module_preset=&#8221;default&#8221; custom_margin=&#8221;|||-69px||&#8221; custom_padding=&#8221;|0px||||&#8221; global_colors_info=&#8221;{}&#8221;][\/et_pb_menu][\/et_pb_column][\/et_pb_row][\/et_pb_section][et_pb_section fb_built=&#8221;1&#8243; admin_label=&#8221;Hero Section&#8221; _builder_version=&#8221;4.18.0&#8243; use_background_color_gradient=&#8221;on&#8221; background_color_gradient_direction=&#8221;90deg&#8221; background_color_gradient_stops=&#8221;#163d34 29%|rgba(244,240,233,0) 100%&#8221; background_color_gradient_overlays_image=&#8221;on&#8221; background_color_gradient_start=&#8221;#f4f0e9&#8243; background_color_gradient_start_position=&#8221;30%&#8221; background_color_gradient_end=&#8221;rgba(244,240,233,0)&#8221; background_image=&#8221;https:\/\/transparencia.cide.edu\/wp-content\/uploads\/2022\/09\/CIB-8-scaled-1.jpg&#8221; custom_margin=&#8221;|||&#8221; custom_padding=&#8221;0%|0px|14%|0px||&#8221; global_colors_info=&#8221;{}&#8221;][et_pb_row custom_padding_last_edited=&#8221;off|desktop&#8221; admin_label=&#8221;Hero Area&#8221; _builder_version=&#8221;4.17.5&#8243; custom_padding=&#8221;27px|0px|0px|0px&#8221; global_colors_info=&#8221;{}&#8221;][et_pb_column type=&#8221;4_4&#8243; _builder_version=&#8221;4.17.5&#8243; custom_padding=&#8221;|||&#8221; global_colors_info=&#8221;{}&#8221; custom_padding__hover=&#8221;|||&#8221;][\/et_pb_column][\/et_pb_row][\/et_pb_section][et_pb_section fb_built=&#8221;1&#8243; admin_label=&#8221;Our Specialties Section&#8221; _builder_version=&#8221;4.16&#8243; custom_padding=&#8221;1px||4px|||&#8221; global_colors_info=&#8221;{}&#8221;][et_pb_row admin_label=&#8221;Title Area&#8221; _builder_version=&#8221;4.16&#8243; global_colors_info=&#8221;{}&#8221;][et_pb_column type=&#8221;4_4&#8243; _builder_version=&#8221;4.16&#8243; custom_padding=&#8221;|||&#8221; global_colors_info=&#8221;{}&#8221; custom_padding__hover=&#8221;|||&#8221;][et_pb_text admin_label=&#8221;Title&#8221; _builder_version=&#8221;4.22.1&#8243; text_font=&#8221;||||||||&#8221; header_font=&#8221;||||||||&#8221; header_2_font=&#8221;Alice||||||||&#8221; header_2_text_align=&#8221;center&#8221; header_2_font_size=&#8221;42px&#8221; header_2_line_height=&#8221;1.3em&#8221; custom_margin=&#8221;||20px|&#8221; animation_style=&#8221;slide&#8221; animation_direction=&#8221;top&#8221; animation_intensity_slide=&#8221;30%&#8221; animation_starting_opacity=&#8221;100%&#8221; global_colors_info=&#8221;{}&#8221;]<\/p>\n<h1 class=\"bottom-buffer\" style=\"text-align: center;\">Obligaciones de Transparencia<\/h1>\n<p>[\/et_pb_text][et_pb_divider color=&#8221;#2a2a2a&#8221; divider_weight=&#8221;3px&#8221; _builder_version=&#8221;4.16&#8243; max_width=&#8221;50px&#8221; module_alignment=&#8221;center&#8221; custom_margin=&#8221;||10px|&#8221; animation_style=&#8221;slide&#8221; animation_direction=&#8221;top&#8221; animation_intensity_slide=&#8221;30%&#8221; animation_starting_opacity=&#8221;100%&#8221; global_colors_info=&#8221;{}&#8221;][\/et_pb_divider][\/et_pb_column][\/et_pb_row][et_pb_row column_structure=&#8221;1_2,1_2&#8243; admin_label=&#8221;Our Specialties&#8221; _builder_version=&#8221;4.16&#8243; custom_margin=&#8221;40px|||&#8221; hover_enabled=&#8221;0&#8243; global_colors_info=&#8221;{}&#8221; sticky_enabled=&#8221;0&#8243;][et_pb_column type=&#8221;1_2&#8243; _builder_version=&#8221;4.16&#8243; custom_padding=&#8221;|||&#8221; global_colors_info=&#8221;{}&#8221; custom_padding__hover=&#8221;|||&#8221;][et_pb_accordion _builder_version=&#8221;4.22.1&#8243; _module_preset=&#8221;default&#8221; global_colors_info=&#8221;{}&#8221;][et_pb_accordion_item title=&#8221;OBLIGACIONES DE TRANSPARENCIA&#8221; open=&#8221;on&#8221; _builder_version=&#8221;4.22.1&#8243; _module_preset=&#8221;default&#8221; global_colors_info=&#8221;{}&#8221;]<\/p>\n<p style=\"text-align: justify;\">En cumplimiento con la Ley General de Transparencia y Acceso a la Informaci\u00f3n P\u00fablica, nuestra instituci\u00f3n se compromete a proporcionar de manera clara y accesible toda la informaci\u00f3n requerida para garantizar la transparencia en la gesti\u00f3n p\u00fablica. A continuaci\u00f3n, se detallan las obligaciones de transparencia que nuestra instituci\u00f3n cumple:<\/p>\n<p style=\"text-align: center;\"><strong>LISTA DE OBLIGACIONES GENERALES<\/strong><\/p>\n<p style=\"text-align: center;\"><strong><\/strong><\/p>\n<table width=\"652\">\n<tbody>\n<tr>\n<td width=\"349\"><a href=\"https:\/\/tinyurl.com\/2xr6coyu\" target=\"_blank\" rel=\"noopener\">ART. &#8211; 70 &#8211; _ &#8211; TABLAS DE APLICABILIDAD<\/a><\/td>\n<td width=\"302\"><a href=\"https:\/\/tinyurl.com\/2yjpvzt9\" target=\"_blank\" rel=\"noopener\">ART. &#8211; 70 &#8211; I \u2013 NORMATIVIDAD<\/a><\/td>\n<\/tr>\n<tr>\n<td width=\"349\"><a href=\"https:\/\/tinyurl.com\/27y54s2l\" target=\"_blank\" rel=\"noopener\">ART. &#8211; 70 &#8211; II &#8211; ESTRUCTURA ORG\u00c1NICA<\/a><\/td>\n<td width=\"302\"><a href=\"https:\/\/tinyurl.com\/29gpczlv\" target=\"_blank\" rel=\"noopener\">ART. &#8211; 70 &#8211; III &#8211; FUNCIONES DE \u00c1REAS<\/a><a href=\"https:\/\/tinyurl.com\/29gpczlv\"><\/a><\/td>\n<\/tr>\n<tr>\n<td width=\"349\"><a href=\"https:\/\/tinyurl.com\/276q56tl\" target=\"_blank\" rel=\"noopener\">ART. &#8211; 70 &#8211; IV &#8211; METAS Y OBJETIVOS DE LAS \u00c1REAS<\/a><\/td>\n<td width=\"302\"><a href=\"https:\/\/tinyurl.com\/2clrev2p\" target=\"_blank\" rel=\"noopener\">ART. &#8211; 70 &#8211; V &#8211; INDICADORES DE INTER\u00c9S P\u00daBLICO<\/a><\/td>\n<\/tr>\n<tr>\n<td width=\"349\"><a href=\"https:\/\/tinyurl.com\/2bg93z65\" target=\"_blank\" rel=\"noopener\">ART. &#8211; 70 &#8211; VI &#8211; INDICADORES DE RESULTADOS<\/a><\/td>\n<td width=\"302\"><a href=\"https:\/\/tinyurl.com\/25aubguu\" target=\"_blank\" rel=\"noopener\">ART. &#8211; 70 &#8211; VII \u2013 DIRECTORIO<\/a><\/td>\n<\/tr>\n<tr>\n<td width=\"349\">\n<p><a href=\"https:\/\/tinyurl.com\/25bobqtq\" target=\"_blank\" rel=\"noopener\">ART. &#8211; 70 &#8211; VIII \u2013 SUELDOS<\/a><\/p>\n<\/td>\n<td width=\"302\">\n<p><a href=\"https:\/\/tinyurl.com\/27hdze3s\" target=\"_blank\" rel=\"noopener\">ART. &#8211; 70 &#8211; IX &#8211; GASTOS EN COMISIONES OFICIALES<\/a><\/p>\n<\/td>\n<\/tr>\n<tr>\n<td width=\"349\">\n<p><a href=\"https:\/\/tinyurl.com\/24uat8b8\" target=\"_blank\" rel=\"noopener\">ART. &#8211; 70 &#8211; X &#8211; PUESTOS Y VACANTES<\/a><\/p>\n<\/td>\n<td width=\"302\">\n<p><a href=\"https:\/\/tinyurl.com\/26dmtcrn\" target=\"_blank\" rel=\"noopener\">ART. &#8211; 70 &#8211; XI &#8211; CONTRATOS POR HONORARIOS<\/a><\/p>\n<\/td>\n<\/tr>\n<tr>\n<td width=\"349\">\n<p><a href=\"https:\/\/tinyurl.com\/288un3df\" target=\"_blank\" rel=\"noopener\">ART. &#8211; 70 &#8211; XII &#8211; DECLARACIONES PATRIMONIALES<\/a><\/p>\n<\/td>\n<td width=\"302\">\n<p><a href=\"https:\/\/tinyurl.com\/28aqc98r\" target=\"_blank\" rel=\"noopener\">ART. &#8211; 70 &#8211; XIII &#8211; UNIDAD DE TRANSPARENCIA<\/a><\/p>\n<\/td>\n<\/tr>\n<tr>\n<td width=\"349\">\n<p><a href=\"https:\/\/tinyurl.com\/23kw36t7\" target=\"_blank\" rel=\"noopener\">ART. &#8211; 70 &#8211; XIV &#8211; CONCURSOS PARA OCUPAR CARGOS P\u00daBLICOS<\/a><\/p>\n<\/td>\n<td width=\"302\">\n<p><a href=\"https:\/\/tinyurl.com\/2az43r42\" target=\"_blank\" rel=\"noopener\">ART. &#8211; 70 &#8211; XV &#8211; PROGRAMAS SOCIALES Y APOYOS<\/a><\/p>\n<\/td>\n<\/tr>\n<tr>\n<td width=\"349\">\n<p><a href=\"https:\/\/tinyurl.com\/2a94fhwd\" target=\"_blank\" rel=\"noopener\">ART. &#8211; 70 &#8211; XVI &#8211; CONDICIONES GENERALES DE TRABAJO Y SINDICATOS<\/a><\/p>\n<\/td>\n<td width=\"302\">\n<p><a href=\"https:\/\/tinyurl.com\/29rkxmf7\" target=\"_blank\" rel=\"noopener\">ART. &#8211; 70 &#8211; XVII &#8211; CURR\u00cdCULA DE FUNCIONARIOS<\/a><\/p>\n<\/td>\n<\/tr>\n<tr>\n<td width=\"349\">\n<p><a href=\"https:\/\/tinyurl.com\/2abrxxaa\" target=\"_blank\" rel=\"noopener\">ART. &#8211; 70 &#8211; XVIII &#8211; SERVIDORES P\u00daBLICOS SANCIONADOS<\/a><\/p>\n<\/td>\n<td width=\"302\">\n<p><a href=\"https:\/\/tinyurl.com\/2447ktaq\" target=\"_blank\" rel=\"noopener\">ART. &#8211; 70 &#8211; XIX &#8211; SERVICIOS P\u00daBLICOS<\/a><\/p>\n<\/td>\n<\/tr>\n<tr>\n<td width=\"349\">\n<p><a href=\"https:\/\/tinyurl.com\/2cubregm\" target=\"_blank\" rel=\"noopener\">ART. &#8211; 70 &#8211; XX &#8211; TR\u00c1MITES, REQUISITOS Y FORMATOS<\/a><\/p>\n<\/td>\n<td width=\"302\">\n<p><a href=\"https:\/\/tinyurl.com\/2397swot\" target=\"_blank\" rel=\"noopener\">ART. &#8211; 70 &#8211; XXI &#8211; PRESUPUESTO DEL GASTO P\u00daBLICO<\/a><\/p>\n<\/td>\n<\/tr>\n<tr>\n<td width=\"349\">\n<p><a href=\"https:\/\/tinyurl.com\/2b5ou3de\" target=\"_blank\" rel=\"noopener\">ART. &#8211; 70 &#8211; XXII &#8211; DEUDA P\u00daBLICA<\/a><\/p>\n<\/td>\n<td width=\"302\">\n<p><a href=\"https:\/\/tinyurl.com\/2b5ou3de\" target=\"_blank\" rel=\"noopener\">ART. &#8211; 70 &#8211; XXII &#8211; DEUDA P\u00daBLICA<\/a><\/p>\n<\/td>\n<\/tr>\n<tr>\n<td width=\"349\">\n<p><a href=\"https:\/\/tinyurl.com\/27cyon8p\" target=\"_blank\" rel=\"noopener\">ART. &#8211; 70 &#8211; XXIV &#8211; RESULTADOS DE AUDITOR\u00cdAS<\/a><\/p>\n<\/td>\n<td width=\"302\">\n<p><a href=\"https:\/\/tinyurl.com\/253xdp3j\" target=\"_blank\" rel=\"noopener\">ART. &#8211; 70 &#8211; XXV &#8211; DICT\u00c1MENES FINANCIEROS<\/a><\/p>\n<\/td>\n<\/tr>\n<tr>\n<td width=\"349\">\n<p><a href=\"https:\/\/tinyurl.com\/27ocoprd\" target=\"_blank\" rel=\"noopener\">ART. &#8211; 70 &#8211; XXVI &#8211; PERSONAS F\u00cdSICAS Y MORALES QUE USAN RECURSOS P\u00daBLICOS<\/a><\/p>\n<\/td>\n<td width=\"302\">\n<p><a href=\"https:\/\/tinyurl.com\/2xnod7wy\" target=\"_blank\" rel=\"noopener\">ART. &#8211; 70 &#8211; XXVII &#8211; CONCESIONES, LICENCIAS, PERMISOS Y AUTORIZACIONES<\/a><\/p>\n<\/td>\n<\/tr>\n<tr>\n<td width=\"349\">\n<p><a href=\"https:\/\/tinyurl.com\/2636qsn8\" target=\"_blank\" rel=\"noopener\">ART. &#8211; 70 &#8211; XXVIII &#8211; CONTRATOS DE OBRAS, BIENES Y SERVICIOS<\/a><\/p>\n<\/td>\n<td width=\"302\">\n<p><a href=\"https:\/\/tinyurl.com\/24nuaf99\" target=\"_blank\" rel=\"noopener\">ART. &#8211; 70 &#8211; XXIX \u2013 INFORMES<\/a><\/p>\n<\/td>\n<\/tr>\n<tr>\n<td width=\"349\">\n<p><a href=\"https:\/\/tinyurl.com\/2bqh3bww\" target=\"_blank\" rel=\"noopener\">ART. &#8211; 70 &#8211; XXX \u2013 ESTAD\u00cdSTICAS<\/a><\/p>\n<\/td>\n<td width=\"302\">\n<p><a href=\"https:\/\/tinyurl.com\/25qkgcg5\" target=\"_blank\" rel=\"noopener\">ART. &#8211; 70 &#8211; XXXI &#8211; INFORMACI\u00d3N FINANCIERA<\/a><\/p>\n<\/td>\n<\/tr>\n<tr>\n<td width=\"349\">\n<p><a href=\"https:\/\/tinyurl.com\/26qyclgz\" target=\"_blank\" rel=\"noopener\">ART. &#8211; 70 &#8211; XXXII &#8211; PADR\u00d3N PROVEEDORES Y CONTRATISTAS<\/a><\/p>\n<\/td>\n<td width=\"302\">\n<p><a href=\"https:\/\/tinyurl.com\/2d73ntcd\" target=\"_blank\" rel=\"noopener\">ART. &#8211; 70 &#8211; XXXIII &#8211; CONVENIOS DE COORDINACI\u00d3N<\/a><\/p>\n<\/td>\n<\/tr>\n<tr>\n<td width=\"349\">\n<p><a href=\"https:\/\/tinyurl.com\/2ykyyvpl\" target=\"_blank\" rel=\"noopener\">ART. &#8211; 70 &#8211; XXXIV &#8211; INVENTARIO DE BIENES<\/a><\/p>\n<\/td>\n<td width=\"302\">\n<p><a href=\"https:\/\/tinyurl.com\/293edu8n\" target=\"_blank\" rel=\"noopener\">ART. &#8211; 70 &#8211; XXXV &#8211; RECOMENDACIONES DE DERECHOS HUMANOS<\/a><\/p>\n<\/td>\n<\/tr>\n<tr>\n<td width=\"349\">\n<p><a href=\"https:\/\/tinyurl.com\/24lovxaa\" target=\"_blank\" rel=\"noopener\">ART. &#8211; 70 &#8211; XXXVII &#8211; PARTICIPACI\u00d3N CIUDADANA<\/a><\/p>\n<\/td>\n<td width=\"302\">\n<p><a href=\"https:\/\/tinyurl.com\/23mdnvgo\" target=\"_blank\" rel=\"noopener\">ART. &#8211; 70 &#8211; XXXVIII &#8211; OTROS PROGRAMAS<\/a><\/p>\n<\/td>\n<\/tr>\n<tr>\n<td width=\"349\">\n<p><a href=\"https:\/\/tinyurl.com\/286s5znc\" target=\"_blank\" rel=\"noopener\">ART. &#8211; 70 &#8211; XXXIX &#8211; COMIT\u00c9 DE TRANSPARENCIA<\/a><\/p>\n<\/td>\n<td width=\"302\">\n<p><a href=\"https:\/\/tinyurl.com\/2xkgpa5o\" target=\"_blank\" rel=\"noopener\">ART. &#8211; 70 &#8211; XL &#8211; EVALUACI\u00d3N Y ENCUESTAS DE PROGRAMAS FINANCIADOS CON RECURSOS P\u00daBLICOS<\/a><\/p>\n<\/td>\n<\/tr>\n<tr>\n<td width=\"349\">\n<p><a href=\"https:\/\/tinyurl.com\/2673qubh\" target=\"_blank\" rel=\"noopener\">ART. &#8211; 70 &#8211; XLI &#8211; ESTUDIOS FINANCIADOS CON RECURSOS P\u00daBLICOS<\/a><\/p>\n<\/td>\n<td width=\"302\">\n<p><a href=\"https:\/\/tinyurl.com\/28ltdqv4\" target=\"_blank\" rel=\"noopener\">ART. &#8211; 70 &#8211; XLIII \u2013 INGRESOS<\/a><\/p>\n<\/td>\n<\/tr>\n<tr>\n<td width=\"349\">\n<p><a href=\"https:\/\/tinyurl.com\/22mzr5bf\" target=\"_blank\" rel=\"noopener\">ART. &#8211; 70 &#8211; XLIV \u2013 DONACIONES<\/a><\/p>\n<\/td>\n<td width=\"302\">\n<p><a href=\"https:\/\/tinyurl.com\/2ycxoguh\" target=\"_blank\" rel=\"noopener\">ART. &#8211; 70 &#8211; XLVIII &#8211; INFORMACI\u00d3N DE INTER\u00c9S P\u00daBLICO<\/a><\/p>\n<\/td>\n<\/tr>\n<\/tbody>\n<\/table>\n<p>[\/et_pb_accordion_item][\/et_pb_accordion][\/et_pb_column][et_pb_column type=&#8221;1_2&#8243; _builder_version=&#8221;4.16&#8243; custom_padding=&#8221;|||&#8221; hover_enabled=&#8221;0&#8243; global_colors_info=&#8221;{}&#8221; custom_padding__hover=&#8221;|||&#8221; sticky_enabled=&#8221;0&#8243;][et_pb_image src=&#8221;https:\/\/transparencia.cide.edu\/wp-content\/uploads\/2022\/09\/ALAMEDA-1.jpg&#8221; title_text=&#8221;ALAMEDA (1)&#8221; url=&#8221;https:\/\/transparencia.cide.edu\/index.php\/datos-abierto\/&#8221; url_new_window=&#8221;on&#8221; force_fullwidth=&#8221;on&#8221; align_tablet=&#8221;center&#8221; align_phone=&#8221;&#8221; align_last_edited=&#8221;on|desktop&#8221; _builder_version=&#8221;4.18.0&#8243; animation_style=&#8221;zoom&#8221; animation_direction=&#8221;top&#8221; animation_intensity_zoom=&#8221;10%&#8221; animation_starting_opacity=&#8221;100%&#8221; hover_enabled=&#8221;0&#8243; global_colors_info=&#8221;{}&#8221; sticky_enabled=&#8221;0&#8243;][\/et_pb_image][et_pb_text _builder_version=&#8221;4.18.0&#8243; text_font=&#8221;||||||||&#8221; text_font_size=&#8221;16px&#8221; text_line_height=&#8221;1.8em&#8221; header_font=&#8221;||||||||&#8221; header_3_font=&#8221;|600|||||||&#8221; header_3_line_height=&#8221;1.5em&#8221; custom_margin=&#8221;40px||10px|&#8221; custom_padding=&#8221;|||&#8221; animation_style=&#8221;flip&#8221; animation_starting_opacity=&#8221;100%&#8221; global_colors_info=&#8221;{}&#8221;]<\/p>\n<h2 class=\"to-animate fadeInUp animated text-center\">CIDE<\/h2>\n<p>[\/et_pb_text][et_pb_accordion _builder_version=&#8221;4.22.1&#8243; _module_preset=&#8221;default&#8221; hover_enabled=&#8221;0&#8243; global_colors_info=&#8221;{}&#8221; sticky_enabled=&#8221;0&#8243;][et_pb_accordion_item open=&#8221;on&#8221; _builder_version=&#8221;4.22.1&#8243; _module_preset=&#8221;default&#8221; hover_enabled=&#8221;0&#8243; global_colors_info=&#8221;{}&#8221; sticky_enabled=&#8221;0&#8243;]<\/p>\n<p style=\"text-align: center;\"><strong>OBLIGACIONES ESPECIFICAS<\/strong><\/p>\n<table>\n<tbody>\n<tr>\n<td width=\"311\"><a href=\"https:\/\/tinyurl.com\/283y6jeh\" target=\"_blank\" rel=\"noopener\">ART. &#8211; 71 &#8211; I &#8211; B \u2013 PRESUPUESTO<\/a><\/td>\n<td width=\"311\"><a href=\"https:\/\/tinyurl.com\/2bbr9cge\" target=\"_blank\" rel=\"noopener\">ART. &#8211; 71 &#8211; I &#8211; G &#8211; DISPOSICIONES ADMINISTRATIVAS<\/a><\/td>\n<\/tr>\n<\/tbody>\n<\/table>\n<p style=\"text-align: center;\"><strong>OBLIGACIONES FEDERALES<\/strong><\/p>\n<table>\n<tbody>\n<tr>\n<td width=\"312\">\n<p><a href=\"https:\/\/tinyurl.com\/2637ol7w\" target=\"_blank\" rel=\"noopener\">ART. &#8211; 68 &#8211; &#8211; OBLIGACIONES ESTABLECIDAS EN LA LEY GENERAL<\/a><\/p>\n<\/td>\n<td width=\"312\">\n<p><a href=\"https:\/\/tinyurl.com\/2xn6sudx\" target=\"_blank\" rel=\"noopener\">ART. &#8211; 69 &#8211; I &#8211; A &#8211; PLAN NACIONAL DE DESARROLLO<\/a><\/p>\n<p>&nbsp;<\/p>\n<\/td>\n<\/tr>\n<tr>\n<td width=\"312\">\n<p><a href=\"https:\/\/tinyurl.com\/2cze7c23\" target=\"_blank\" rel=\"noopener\">ART. &#8211; 74 &#8211; &#8211; OBLIGACIONES QUE CUMPLEN PERSONAS F\u00cdSICAS Y MORALES<\/a><\/p>\n<\/td>\n<td width=\"312\">\n<p><a href=\"https:\/\/tinyurl.com\/29pcg3fk\" target=\"_blank\" rel=\"noopener\">ART. &#8211; 75 &#8211; &#8211; PADR\u00d3N DE PERSONAS F\u00cdSICAS Y MORALES QUE CUMPLEN OBLIGACIONES<\/a><\/p>\n<\/td>\n<\/tr>\n<tr>\n<td width=\"312\">\n<p><a href=\"https:\/\/tinyurl.com\/24t7l64t\" target=\"_blank\" rel=\"noopener\">ART. &#8211; 76 &#8211; III &#8211; INFORMACI\u00d3N DE INTERES P\u00daBLICO<\/a><\/p>\n<\/td>\n<td width=\"312\"><\/td>\n<\/tr>\n<\/tbody>\n<\/table>\n<p>[\/et_pb_accordion_item][\/et_pb_accordion][\/et_pb_column][\/et_pb_row][\/et_pb_section][et_pb_section fb_built=&#8221;1&#8243; admin_label=&#8221;Seasonal Collection&#8221; _builder_version=&#8221;4.17.6&#8243; background_color=&#8221;#264059&#8243; use_background_color_gradient=&#8221;on&#8221; background_color_gradient_direction=&#8221;90deg&#8221; background_color_gradient_stops=&#8221;#163d34 30%|rgba(38,64,89,0) 100%&#8221; background_color_gradient_overlays_image=&#8221;on&#8221; background_color_gradient_start=&#8221;#264059&#8243; background_color_gradient_start_position=&#8221;30%&#8221; background_color_gradient_end=&#8221;rgba(38,64,89,0)&#8221; background_image=&#8221;http:\/\/10.10.1.63\/cide\/wp-content\/uploads\/2022\/07\/MG_4128.jpg&#8221; parallax=&#8221;on&#8221; custom_margin=&#8221;4px||1px|||&#8221; custom_padding=&#8221;0.2%|0px|0%|0px||&#8221; global_colors_info=&#8221;{}&#8221;][et_pb_row custom_padding_last_edited=&#8221;off|desktop&#8221; admin_label=&#8221;Hero Area&#8221; _builder_version=&#8221;4.16&#8243; max_width=&#8221;80%&#8221; custom_padding=&#8221;27px|0px|0px|0px||&#8221; use_custom_width=&#8221;on&#8221; width_unit=&#8221;off&#8221; global_colors_info=&#8221;{}&#8221;][et_pb_column type=&#8221;4_4&#8243; _builder_version=&#8221;4.16&#8243; custom_padding=&#8221;|||&#8221; global_colors_info=&#8221;{}&#8221; custom_padding__hover=&#8221;|||&#8221;][et_pb_text admin_label=&#8221;Hero Title&#8221; _builder_version=&#8221;4.17.6&#8243; text_font=&#8221;Open Sans||||||||&#8221; header_font=&#8221;Alice||||||||&#8221; header_font_size=&#8221;120px&#8221; header_letter_spacing=&#8221;-3px&#8221; header_line_height=&#8221;1.1em&#8221; background_layout=&#8221;dark&#8221; animation_style=&#8221;slide&#8221; animation_direction=&#8221;left&#8221; animation_intensity_slide=&#8221;5%&#8221; animation_starting_opacity=&#8221;100%&#8221; text_font_size_last_edited=&#8221;off|desktop&#8221; header_font_size_tablet=&#8221;&#8221; header_font_size_phone=&#8221;60px&#8221; header_font_size_last_edited=&#8221;on|phone&#8221; inline_fonts=&#8221;Open Sans&#8221; global_colors_info=&#8221;{}&#8221;][\/et_pb_text][et_pb_text _builder_version=&#8221;4.17.6&#8243; text_font=&#8221;||||||||&#8221; text_font_size=&#8221;18px&#8221; text_line_height=&#8221;1.8em&#8221; header_font=&#8221;||||||||&#8221; background_layout=&#8221;dark&#8221; max_width=&#8221;500px&#8221; custom_margin=&#8221;|||&#8221; custom_padding=&#8221;||10px|&#8221; animation_style=&#8221;slide&#8221; animation_direction=&#8221;left&#8221; animation_intensity_slide=&#8221;5%&#8221; animation_starting_opacity=&#8221;100%&#8221; global_colors_info=&#8221;{}&#8221;][\/et_pb_text][\/et_pb_column][\/et_pb_row][\/et_pb_section]<\/p>\n","protected":false},"excerpt":{"rendered":"<p>Obligaciones de TransparenciaEn cumplimiento con la Ley General de Transparencia y Acceso a la Informaci\u00f3n P\u00fablica, nuestra instituci\u00f3n se compromete a proporcionar de manera clara y accesible toda la informaci\u00f3n requerida para garantizar la transparencia en la gesti\u00f3n p\u00fablica. A continuaci\u00f3n, se detallan las obligaciones de transparencia que nuestra instituci\u00f3n cumple: LISTA DE OBLIGACIONES GENERALES [&hellip;]<\/p>\n","protected":false},"author":1,"featured_media":0,"parent":0,"menu_order":0,"comment_status":"closed","ping_status":"closed","template":"","meta":{"_et_pb_use_builder":"on","_et_pb_old_content":"","_et_gb_content_width":"","footnotes":""},"class_list":["post-786","page","type-page","status-publish","hentry"],"_links":{"self":[{"href":"https:\/\/transparencia.cide.edu\/index.php\/wp-json\/wp\/v2\/pages\/786","targetHints":{"allow":["GET"]}}],"collection":[{"href":"https:\/\/transparencia.cide.edu\/index.php\/wp-json\/wp\/v2\/pages"}],"about":[{"href":"https:\/\/transparencia.cide.edu\/index.php\/wp-json\/wp\/v2\/types\/page"}],"author":[{"embeddable":true,"href":"https:\/\/transparencia.cide.edu\/index.php\/wp-json\/wp\/v2\/users\/1"}],"replies":[{"embeddable":true,"href":"https:\/\/transparencia.cide.edu\/index.php\/wp-json\/wp\/v2\/comments?post=786"}],"version-history":[{"count":10,"href":"https:\/\/transparencia.cide.edu\/index.php\/wp-json\/wp\/v2\/pages\/786\/revisions"}],"predecessor-version":[{"id":1370,"href":"https:\/\/transparencia.cide.edu\/index.php\/wp-json\/wp\/v2\/pages\/786\/revisions\/1370"}],"wp:attachment":[{"href":"https:\/\/transparencia.cide.edu\/index.php\/wp-json\/wp\/v2\/media?parent=786"}],"curies":[{"name":"wp","href":"https:\/\/api.w.org\/{rel}","templated":true}]}}