{"id":816,"date":"2022-11-02T20:25:10","date_gmt":"2022-11-02T20:25:10","guid":{"rendered":"http:\/\/transparencia.cide.edu\/?page_id=816"},"modified":"2026-02-09T11:32:29","modified_gmt":"2026-02-09T17:32:29","slug":"indice-de-expedientes-clasificados-como-reservados","status":"publish","type":"page","link":"https:\/\/transparencia.cide.edu\/index.php\/indice-de-expedientes-clasificados-como-reservados\/","title":{"rendered":"<strong>\u00cdndice de expedientes clasificados como reservados<\/strong>"},"content":{"rendered":"<p>[et_pb_section fb_built=&#8221;1&#8243; admin_label=&#8221;Hero Section&#8221; _builder_version=&#8221;4.18.0&#8243; background_enable_image=&#8221;off&#8221; custom_margin=&#8221;|||&#8221; custom_padding=&#8221;0%|0px|0%|0px||&#8221; global_colors_info=&#8221;{}&#8221;][et_pb_row _builder_version=&#8221;4.18.0&#8243; _module_preset=&#8221;default&#8221; width=&#8221;82.7%&#8221; custom_margin=&#8221;|78px||268px||&#8221; custom_padding=&#8221;30px|||0px||&#8221; global_colors_info=&#8221;{}&#8221;][et_pb_column type=&#8221;4_4&#8243; _builder_version=&#8221;4.18.0&#8243; _module_preset=&#8221;default&#8221; global_colors_info=&#8221;{}&#8221;][et_pb_menu _builder_version=&#8221;4.18.0&#8243; _module_preset=&#8221;default&#8221; custom_margin=&#8221;|||-69px||&#8221; custom_padding=&#8221;|0px||||&#8221; global_colors_info=&#8221;{}&#8221;][\/et_pb_menu][\/et_pb_column][\/et_pb_row][\/et_pb_section][et_pb_section fb_built=&#8221;1&#8243; admin_label=&#8221;Hero Section&#8221; _builder_version=&#8221;4.18.0&#8243; use_background_color_gradient=&#8221;on&#8221; background_color_gradient_direction=&#8221;90deg&#8221; background_color_gradient_stops=&#8221;#163d34 29%|rgba(244,240,233,0) 100%&#8221; background_color_gradient_overlays_image=&#8221;on&#8221; background_color_gradient_start=&#8221;#f4f0e9&#8243; background_color_gradient_start_position=&#8221;30%&#8221; background_color_gradient_end=&#8221;rgba(244,240,233,0)&#8221; background_image=&#8221;https:\/\/transparencia.cide.edu\/wp-content\/uploads\/2022\/09\/CIB-8-scaled-1.jpg&#8221; custom_margin=&#8221;|||&#8221; custom_padding=&#8221;0%|0px|14%|0px||&#8221; global_colors_info=&#8221;{}&#8221;][et_pb_row custom_padding_last_edited=&#8221;off|desktop&#8221; admin_label=&#8221;Hero Area&#8221; _builder_version=&#8221;4.17.5&#8243; custom_padding=&#8221;27px|0px|0px|0px&#8221; global_colors_info=&#8221;{}&#8221;][et_pb_column type=&#8221;4_4&#8243; _builder_version=&#8221;4.17.5&#8243; custom_padding=&#8221;|||&#8221; global_colors_info=&#8221;{}&#8221; custom_padding__hover=&#8221;|||&#8221;][\/et_pb_column][\/et_pb_row][\/et_pb_section][et_pb_section fb_built=&#8221;1&#8243; admin_label=&#8221;Our Specialties Section&#8221; _builder_version=&#8221;4.16&#8243; custom_padding=&#8221;1px||4px|||&#8221; global_colors_info=&#8221;{}&#8221;][et_pb_row admin_label=&#8221;Title Area&#8221; _builder_version=&#8221;4.16&#8243; global_colors_info=&#8221;{}&#8221;][et_pb_column type=&#8221;4_4&#8243; _builder_version=&#8221;4.16&#8243; custom_padding=&#8221;|||&#8221; global_colors_info=&#8221;{}&#8221; custom_padding__hover=&#8221;|||&#8221;][et_pb_text admin_label=&#8221;Title&#8221; _builder_version=&#8221;4.18.1&#8243; text_font=&#8221;||||||||&#8221; header_font=&#8221;||||||||&#8221; header_2_font=&#8221;Alice||||||||&#8221; header_2_text_align=&#8221;center&#8221; header_2_font_size=&#8221;42px&#8221; header_2_line_height=&#8221;1.3em&#8221; custom_margin=&#8221;||20px|&#8221; animation_style=&#8221;slide&#8221; animation_direction=&#8221;top&#8221; animation_intensity_slide=&#8221;30%&#8221; animation_starting_opacity=&#8221;100%&#8221; global_colors_info=&#8221;{}&#8221;]<\/p>\n<h1 class=\"bottom-buffer\">\u00cdndice de expedientes clasificados como reservados<strong><\/strong><\/h1>\n<p>[\/et_pb_text][et_pb_divider color=&#8221;#2a2a2a&#8221; divider_weight=&#8221;3px&#8221; _builder_version=&#8221;4.16&#8243; max_width=&#8221;50px&#8221; module_alignment=&#8221;center&#8221; custom_margin=&#8221;||10px|&#8221; animation_style=&#8221;slide&#8221; animation_direction=&#8221;top&#8221; animation_intensity_slide=&#8221;30%&#8221; animation_starting_opacity=&#8221;100%&#8221; global_colors_info=&#8221;{}&#8221;][\/et_pb_divider][\/et_pb_column][\/et_pb_row][et_pb_row column_structure=&#8221;1_2,1_2&#8243; admin_label=&#8221;Our Specialties&#8221; _builder_version=&#8221;4.16&#8243; custom_margin=&#8221;40px|||&#8221; global_colors_info=&#8221;{}&#8221;][et_pb_column type=&#8221;1_2&#8243; _builder_version=&#8221;4.16&#8243; custom_padding=&#8221;|||&#8221; global_colors_info=&#8221;{}&#8221; custom_padding__hover=&#8221;|||&#8221;][et_pb_accordion _builder_version=&#8221;4.27.4&#8243; _module_preset=&#8221;default&#8221; hover_enabled=&#8221;0&#8243; global_colors_info=&#8221;{}&#8221; sticky_enabled=&#8221;0&#8243;][et_pb_accordion_item title=&#8221;\u00cdndice de expedientes clasificados como reservados&#8221; open=&#8221;on&#8221; _builder_version=&#8221;4.27.4&#8243; _module_preset=&#8221;default&#8221; hover_enabled=&#8221;0&#8243; global_colors_info=&#8221;{}&#8221; sticky_enabled=&#8221;0&#8243;]<\/p>\n<p style=\"text-align: justify;\"><span data-olk-copy-source=\"MessageBody\">En esta secci\u00f3n podr\u00e1s consultar, semestre por semestre, los listados de expedientes que las \u00e1reas administrativas del CIDE han determinado como reservados. En cada archivo se identifican el \u00e1rea responsable y la descripci\u00f3n general del expediente clasificado. Estos \u00edndices se publican dos veces al a\u00f1o, una vez, en cumplimiento de la Ley General de Transparencia y Acceso a la Informaci\u00f3n P\u00fablica.<\/span><\/p>\n<p><a href=\"https:\/\/transparencia.cide.edu\/files\/fracciones\/IER%201er%20semestre%202024%20-%20CIDE.xlsx\" target=\"_blank\" rel=\"noopener\">IECR 1er semestre 2024 &#8211; CIDE<\/a><\/p>\n<p style=\"text-align: justify;\"><span data-olk-copy-source=\"MessageBody\">Incluye el listado de expedientes clasificados como reservados correspondientes al periodo enero-junio 2024. Cada expediente cuenta con una clave de visor, la cual sirve para identificarlo y solicitar su versi\u00f3n p\u00fablica ante la Direcci\u00f3n de Asuntos Jur\u00eddicos. Se trata principalmente de juicios laborales y de amparo cuya informaci\u00f3n fue clasificada como reservada, conforme a la aprobaci\u00f3n del Comit\u00e9 de Transparencia.<\/span><\/p>\n<p><a href=\"https:\/\/transparencia.cide.edu\/files\/fracciones\/IER%202do%20semestre%202024%20-%20CIDE.xlsx\" target=\"_blank\" rel=\"noopener\">IECR 2do sem 2024 &#8211; CIDE<\/a><\/p>\n<p><span data-olk-copy-source=\"MessageBody\">Durante el periodo julio-diciembre de 2024 no se reportaron expedientes clasificados como reservados por las \u00e1reas administrativas.<\/span><\/p>\n<p><a href=\"https:\/\/transparencia.cide.edu\/files\/fracciones\/IER%20semestres%202025%20-%20CIDE.xlsx\">IECR semestres 2025 CIDE<\/a><\/p>\n<p><span data-olk-copy-source=\"MessageBody\">Durante los semestres de 2025 no se reportaron expedientes clasificados como reservados por las \u00e1reas administrativas.<\/span><\/p>\n<p>&nbsp;<\/p>\n<p>&nbsp;<\/p>\n<p>[\/et_pb_accordion_item][\/et_pb_accordion][\/et_pb_column][et_pb_column type=&#8221;1_2&#8243; _builder_version=&#8221;4.16&#8243; custom_padding=&#8221;|||&#8221; global_colors_info=&#8221;{}&#8221; custom_padding__hover=&#8221;|||&#8221;][et_pb_image src=&#8221;https:\/\/transparencia.cide.edu\/wp-content\/uploads\/2022\/09\/ALAMEDA-1.jpg&#8221; title_text=&#8221;ALAMEDA (1)&#8221; url=&#8221;https:\/\/transparencia.cide.edu\/index.php\/datos-abierto\/&#8221; url_new_window=&#8221;on&#8221; force_fullwidth=&#8221;on&#8221; align_tablet=&#8221;center&#8221; align_phone=&#8221;&#8221; align_last_edited=&#8221;on|desktop&#8221; _builder_version=&#8221;4.18.0&#8243; animation_style=&#8221;zoom&#8221; animation_direction=&#8221;top&#8221; animation_intensity_zoom=&#8221;10%&#8221; animation_starting_opacity=&#8221;100%&#8221; global_colors_info=&#8221;{}&#8221;][\/et_pb_image][et_pb_text _builder_version=&#8221;4.18.0&#8243; text_font=&#8221;||||||||&#8221; text_font_size=&#8221;16px&#8221; text_line_height=&#8221;1.8em&#8221; header_font=&#8221;||||||||&#8221; header_3_font=&#8221;|600|||||||&#8221; header_3_line_height=&#8221;1.5em&#8221; custom_margin=&#8221;40px||10px|&#8221; custom_padding=&#8221;|||&#8221; animation_style=&#8221;flip&#8221; animation_starting_opacity=&#8221;100%&#8221; global_colors_info=&#8221;{}&#8221;]<\/p>\n<h2 class=\"to-animate fadeInUp animated text-center\">CIDE<\/h2>\n<p>[\/et_pb_text][\/et_pb_column][\/et_pb_row][\/et_pb_section][et_pb_section fb_built=&#8221;1&#8243; admin_label=&#8221;Special Offer Section&#8221; _builder_version=&#8221;4.18.0&#8243; background_color=&#8221;#e7efef&#8221; use_background_color_gradient=&#8221;on&#8221; background_color_gradient_direction=&#8221;90deg&#8221; background_color_gradient_stops=&#8221;rgba(235,235,235,0) 0%|#ebebeb 70%&#8221; background_color_gradient_overlays_image=&#8221;on&#8221; background_color_gradient_start=&#8221;rgba(235,235,235,0)&#8221; background_color_gradient_end=&#8221;#ebebeb&#8221; background_color_gradient_end_position=&#8221;70%&#8221; background_image=&#8221;https:\/\/transparencia.cide.edu\/wp-content\/uploads\/2022\/09\/EDIF-y-AULAS-CUAJIMALPA-3-scaled-1.jpg&#8221; custom_padding=&#8221;0%|0px|10%|0px||&#8221; global_colors_info=&#8221;{}&#8221;][et_pb_row column_structure=&#8221;2_3,1_3&#8243; admin_label=&#8221;Row&#8221; _builder_version=&#8221;4.16&#8243; global_colors_info=&#8221;{}&#8221;][et_pb_column type=&#8221;2_3&#8243; _builder_version=&#8221;4.16&#8243; custom_padding=&#8221;|||&#8221; global_colors_info=&#8221;{}&#8221; custom_padding__hover=&#8221;|||&#8221;][\/et_pb_column][et_pb_column type=&#8221;1_3&#8243; _builder_version=&#8221;4.16&#8243; custom_padding=&#8221;|||&#8221; global_colors_info=&#8221;{}&#8221; custom_padding__hover=&#8221;|||&#8221;][et_pb_text _builder_version=&#8221;4.17.6&#8243; text_font=&#8221;|700|||||||&#8221; text_font_size=&#8221;16px&#8221; text_line_height=&#8221;1.8em&#8221; header_font=&#8221;||||||||&#8221; custom_margin=&#8221;||0px|&#8221; custom_padding=&#8221;|||&#8221; animation_style=&#8221;fold&#8221; animation_direction=&#8221;bottom&#8221; animation_starting_opacity=&#8221;100%&#8221; global_colors_info=&#8221;{}&#8221;][\/et_pb_text][et_pb_text _builder_version=&#8221;4.17.6&#8243; text_font=&#8221;|700|||||||&#8221; text_text_color=&#8221;#2a2a2a&#8221; text_font_size=&#8221;80px&#8221; text_line_height=&#8221;1.3em&#8221; custom_margin=&#8221;|-301px|0px|||&#8221; custom_padding=&#8221;|0px||||&#8221; animation_style=&#8221;fold&#8221; animation_direction=&#8221;bottom&#8221; animation_starting_opacity=&#8221;100%&#8221; global_colors_info=&#8221;{}&#8221;]<\/p>\n<p>Transparencia<\/p>\n<p>[\/et_pb_text][et_pb_text _builder_version=&#8221;4.17.6&#8243; text_font=&#8221;||||||||&#8221; text_font_size=&#8221;16px&#8221; text_line_height=&#8221;1.8em&#8221; custom_margin=&#8221;|||&#8221; custom_padding=&#8221;|||&#8221; animation_style=&#8221;slide&#8221; animation_direction=&#8221;left&#8221; animation_intensity_slide=&#8221;5%&#8221; animation_starting_opacity=&#8221;100%&#8221; global_colors_info=&#8221;{}&#8221;][\/et_pb_text][\/et_pb_column][\/et_pb_row][\/et_pb_section][et_pb_section fb_built=&#8221;1&#8243; admin_label=&#8221;Feature Section&#8221; _builder_version=&#8221;4.16&#8243; background_color=&#8221;#f7f7f7&#8243; background_image=&#8221;http:\/\/10.10.1.63\/cide\/wp-content\/uploads\/2022\/07\/7_img.png&#8221; background_size=&#8221;contain&#8221; background_position=&#8221;bottom_center&#8221; custom_padding=&#8221;110px|0px|0px|0px&#8221; global_colors_info=&#8221;{}&#8221;][\/et_pb_section][et_pb_section fb_built=&#8221;1&#8243; admin_label=&#8221;Seasonal Collection&#8221; _builder_version=&#8221;4.17.6&#8243; background_color=&#8221;#264059&#8243; use_background_color_gradient=&#8221;on&#8221; background_color_gradient_direction=&#8221;90deg&#8221; background_color_gradient_stops=&#8221;#163d34 30%|rgba(38,64,89,0) 100%&#8221; background_color_gradient_overlays_image=&#8221;on&#8221; background_color_gradient_start=&#8221;#264059&#8243; background_color_gradient_start_position=&#8221;30%&#8221; background_color_gradient_end=&#8221;rgba(38,64,89,0)&#8221; background_image=&#8221;http:\/\/10.10.1.63\/cide\/wp-content\/uploads\/2022\/07\/MG_4128.jpg&#8221; parallax=&#8221;on&#8221; custom_margin=&#8221;4px||1px|||&#8221; custom_padding=&#8221;0.2%|0px|0%|0px||&#8221; global_colors_info=&#8221;{}&#8221;][et_pb_row custom_padding_last_edited=&#8221;off|desktop&#8221; admin_label=&#8221;Hero Area&#8221; _builder_version=&#8221;4.16&#8243; max_width=&#8221;80%&#8221; custom_padding=&#8221;27px|0px|0px|0px||&#8221; use_custom_width=&#8221;on&#8221; width_unit=&#8221;off&#8221; global_colors_info=&#8221;{}&#8221;][et_pb_column type=&#8221;4_4&#8243; _builder_version=&#8221;4.16&#8243; custom_padding=&#8221;|||&#8221; global_colors_info=&#8221;{}&#8221; custom_padding__hover=&#8221;|||&#8221;][et_pb_text admin_label=&#8221;Hero Title&#8221; _builder_version=&#8221;4.17.6&#8243; text_font=&#8221;Open Sans||||||||&#8221; header_font=&#8221;Alice||||||||&#8221; header_font_size=&#8221;120px&#8221; header_letter_spacing=&#8221;-3px&#8221; header_line_height=&#8221;1.1em&#8221; background_layout=&#8221;dark&#8221; animation_style=&#8221;slide&#8221; animation_direction=&#8221;left&#8221; animation_intensity_slide=&#8221;5%&#8221; animation_starting_opacity=&#8221;100%&#8221; text_font_size_last_edited=&#8221;off|desktop&#8221; header_font_size_tablet=&#8221;&#8221; header_font_size_phone=&#8221;60px&#8221; header_font_size_last_edited=&#8221;on|phone&#8221; inline_fonts=&#8221;Open Sans&#8221; global_colors_info=&#8221;{}&#8221;][\/et_pb_text][et_pb_text _builder_version=&#8221;4.17.6&#8243; text_font=&#8221;||||||||&#8221; text_font_size=&#8221;18px&#8221; text_line_height=&#8221;1.8em&#8221; header_font=&#8221;||||||||&#8221; background_layout=&#8221;dark&#8221; max_width=&#8221;500px&#8221; custom_margin=&#8221;|||&#8221; custom_padding=&#8221;||10px|&#8221; animation_style=&#8221;slide&#8221; animation_direction=&#8221;left&#8221; animation_intensity_slide=&#8221;5%&#8221; animation_starting_opacity=&#8221;100%&#8221; global_colors_info=&#8221;{}&#8221;][\/et_pb_text][\/et_pb_column][\/et_pb_row][\/et_pb_section]<\/p>\n","protected":false},"excerpt":{"rendered":"<p>\u00cdndice de expedientes clasificados como reservadosEn esta secci\u00f3n podr\u00e1s consultar, semestre por semestre, los listados de expedientes que las \u00e1reas administrativas del CIDE han determinado como reservados. En cada archivo se identifican el \u00e1rea responsable y la descripci\u00f3n general del expediente clasificado. Estos \u00edndices se publican dos veces al a\u00f1o, una vez, en cumplimiento de [&hellip;]<\/p>\n","protected":false},"author":1,"featured_media":0,"parent":0,"menu_order":0,"comment_status":"closed","ping_status":"closed","template":"","meta":{"_et_pb_use_builder":"on","_et_pb_old_content":"","_et_gb_content_width":"","footnotes":""},"class_list":["post-816","page","type-page","status-publish","hentry"],"_links":{"self":[{"href":"https:\/\/transparencia.cide.edu\/index.php\/wp-json\/wp\/v2\/pages\/816","targetHints":{"allow":["GET"]}}],"collection":[{"href":"https:\/\/transparencia.cide.edu\/index.php\/wp-json\/wp\/v2\/pages"}],"about":[{"href":"https:\/\/transparencia.cide.edu\/index.php\/wp-json\/wp\/v2\/types\/page"}],"author":[{"embeddable":true,"href":"https:\/\/transparencia.cide.edu\/index.php\/wp-json\/wp\/v2\/users\/1"}],"replies":[{"embeddable":true,"href":"https:\/\/transparencia.cide.edu\/index.php\/wp-json\/wp\/v2\/comments?post=816"}],"version-history":[{"count":12,"href":"https:\/\/transparencia.cide.edu\/index.php\/wp-json\/wp\/v2\/pages\/816\/revisions"}],"predecessor-version":[{"id":1696,"href":"https:\/\/transparencia.cide.edu\/index.php\/wp-json\/wp\/v2\/pages\/816\/revisions\/1696"}],"wp:attachment":[{"href":"https:\/\/transparencia.cide.edu\/index.php\/wp-json\/wp\/v2\/media?parent=816"}],"curies":[{"name":"wp","href":"https:\/\/api.w.org\/{rel}","templated":true}]}}